{"id":15029,"date":"2016-02-29T16:26:44","date_gmt":"2016-02-29T16:26:44","guid":{"rendered":"https:\/\/www.fortuna-gravuren.ch\/product\/grand-trophee-or-art-n-n2902\/"},"modified":"2016-02-29T16:26:44","modified_gmt":"2016-02-29T15:26:44","slug":"grand-trophee-or-art-n-n2902","status":"publish","type":"product","link":"https:\/\/www.fortuna-gravuren.ch\/fr\/product\/grand-trophee-or-art-n-n2902\/","title":{"rendered":"Grand troph\u00e9e or art. n\u00b0 N2902"},"content":{"rendered":"<h2>Coupe or argent Art. N2902<\/h2>\n<p>Ce troph\u00e9e d&rsquo;une simplicit\u00e9 exceptionnelle attirera l&rsquo;attention des collectionneurs de troph\u00e9es minimalistes. La surface non perturb\u00e9e avec des encoches discr\u00e8tes et pointues est la seule chose ludique de la coupe.<br \/>\nLe socle offre la surface pour une gravure avec un texte individuel comprise dans le prix.<br \/>\nDe plus, vous trouverez dans la rubrique \u00ab\u00a0Embl\u00e8mes\u00a0\u00bb des sujets suppl\u00e9mentaires qui s&rsquo;adaptent \u00e0 l&rsquo;encoche ronde sur le couvercle de la coupe et qui donnent ainsi \u00e0 la coupe son caract\u00e8re unique. <\/p>\n<p>Information produit Coupe Or<\/p>\n<ul>\n<li>Mat\u00e9riau : m\u00e9tal\/plastique<\/li>\n<li>Surface : or\/argent<\/li>\n<li>hauteur \u00e0 partir de 47 cm<\/li>\n<li>Socle en pierre noir<\/li>\n<li>Gravure : 3 lignes<\/li>\n<li>Bouclier or<\/li>\n<\/ul>\n","protected":false},"excerpt":{"rendered":"<p>Coupe or argent sur socle noir<\/p>\n","protected":false},"featured_media":986,"template":"","meta":{"_acf_changed":false,"_genesis_hide_title":false,"_genesis_hide_breadcrumbs":false,"_genesis_hide_singular_image":false,"_genesis_hide_footer_widgets":false,"_genesis_custom_body_class":"","_genesis_custom_post_class":"","_genesis_layout":""},"product_brand":[],"product_cat":[359],"product_tag":[],"class_list":{"0":"post-15029","1":"product","2":"type-product","3":"status-publish","4":"has-post-thumbnail","6":"product_cat-categorie-par-defaut","7":"product_shipping_class-14-chf-fr","8":"pa_fontfamily-hel-fr","9":"pa_fontfamily-script-412-1-l-fr","10":"pa_fontfamily-scriptrund-1l","11":"pa_fontfamily-sl-interne","12":"entry","14":"first","15":"outofstock","16":"shipping-taxable","17":"purchasable","18":"product-type-simple"},"exclude_global_add_ons":[],"addons":[],"acf":[],"yoast_head":"<!-- This site is optimized with the Yoast SEO plugin v26.9 - https:\/\/yoast.com\/product\/yoast-seo-wordpress\/ -->\n<title>Troph\u00e9e argent or sur socle noir avec plaque grav\u00e9e<\/title>\n<meta name=\"description\" content=\"Coupe argent or sur socle noir avec plaquette grav\u00e9e et embl\u00e8me mont\u00e9 sur le couvercle convient pour coupe itin\u00e9rante ou manifestations sportives\" \/>\n<meta name=\"robots\" content=\"index, follow, max-snippet:-1, max-image-preview:large, max-video-preview:-1\" \/>\n<link rel=\"canonical\" href=\"https:\/\/www.fortuna-gravuren.ch\/fr\/product\/grand-trophee-or-art-n-n2902\/\" \/>\n<meta property=\"og:locale\" content=\"fr_FR\" \/>\n<meta property=\"og:type\" content=\"article\" \/>\n<meta property=\"og:title\" content=\"Troph\u00e9e argent or sur socle noir avec plaque grav\u00e9e\" \/>\n<meta property=\"og:description\" content=\"Coupe argent or sur socle noir avec plaquette grav\u00e9e et embl\u00e8me mont\u00e9 sur le couvercle convient pour coupe itin\u00e9rante ou manifestations sportives\" \/>\n<meta property=\"og:url\" content=\"https:\/\/www.fortuna-gravuren.ch\/fr\/product\/grand-trophee-or-art-n-n2902\/\" \/>\n<meta property=\"og:site_name\" content=\"Fortuna Gravuren\" \/>\n<meta property=\"og:image\" content=\"https:\/\/www.fortuna-gravuren.ch\/wp-content\/uploads\/2016\/02\/grosser-pokal-gold-art.nr_.-n2902_1.jpg\" \/>\n\t<meta property=\"og:image:width\" content=\"800\" \/>\n\t<meta property=\"og:image:height\" content=\"800\" \/>\n\t<meta property=\"og:image:type\" content=\"image\/jpeg\" \/>\n<meta name=\"twitter:card\" content=\"summary_large_image\" \/>\n<meta name=\"twitter:label1\" content=\"Dur\u00e9e de lecture estim\u00e9e\" \/>\n\t<meta name=\"twitter:data1\" content=\"1 minute\" \/>\n<script type=\"application\/ld+json\" class=\"yoast-schema-graph\">{\"@context\":\"https:\/\/schema.org\",\"@graph\":[{\"@type\":\"WebPage\",\"@id\":\"https:\/\/www.fortuna-gravuren.ch\/fr\/product\/grand-trophee-or-art-n-n2902\/\",\"url\":\"https:\/\/www.fortuna-gravuren.ch\/fr\/product\/grand-trophee-or-art-n-n2902\/\",\"name\":\"Troph\u00e9e argent or sur socle noir avec plaque grav\u00e9e\",\"isPartOf\":{\"@id\":\"https:\/\/www.fortuna-gravuren.ch\/fr\/#website\"},\"primaryImageOfPage\":{\"@id\":\"https:\/\/www.fortuna-gravuren.ch\/fr\/product\/grand-trophee-or-art-n-n2902\/#primaryimage\"},\"image\":{\"@id\":\"https:\/\/www.fortuna-gravuren.ch\/fr\/product\/grand-trophee-or-art-n-n2902\/#primaryimage\"},\"thumbnailUrl\":\"https:\/\/www.fortuna-gravuren.ch\/wp-content\/uploads\/2016\/02\/grosser-pokal-gold-art.nr_.-n2902_1.jpg\",\"datePublished\":\"2016-02-29T16:26:44+00:00\",\"description\":\"Coupe argent or sur socle noir avec plaquette grav\u00e9e et embl\u00e8me mont\u00e9 sur le couvercle convient pour coupe itin\u00e9rante ou manifestations sportives\",\"breadcrumb\":{\"@id\":\"https:\/\/www.fortuna-gravuren.ch\/fr\/product\/grand-trophee-or-art-n-n2902\/#breadcrumb\"},\"inLanguage\":\"fr-FR\",\"potentialAction\":[{\"@type\":\"ReadAction\",\"target\":[\"https:\/\/www.fortuna-gravuren.ch\/fr\/product\/grand-trophee-or-art-n-n2902\/\"]}]},{\"@type\":\"ImageObject\",\"inLanguage\":\"fr-FR\",\"@id\":\"https:\/\/www.fortuna-gravuren.ch\/fr\/product\/grand-trophee-or-art-n-n2902\/#primaryimage\",\"url\":\"https:\/\/www.fortuna-gravuren.ch\/wp-content\/uploads\/2016\/02\/grosser-pokal-gold-art.nr_.-n2902_1.jpg\",\"contentUrl\":\"https:\/\/www.fortuna-gravuren.ch\/wp-content\/uploads\/2016\/02\/grosser-pokal-gold-art.nr_.-n2902_1.jpg\",\"width\":800,\"height\":800,\"caption\":\"Grosser Pokal Gold Art.Nr. N2902\"},{\"@type\":\"BreadcrumbList\",\"@id\":\"https:\/\/www.fortuna-gravuren.ch\/fr\/product\/grand-trophee-or-art-n-n2902\/#breadcrumb\",\"itemListElement\":[{\"@type\":\"ListItem\",\"position\":1,\"name\":\"Accueil\",\"item\":\"https:\/\/www.fortuna-gravuren.ch\/fr\/\"},{\"@type\":\"ListItem\",\"position\":2,\"name\":\"Boutique\",\"item\":\"https:\/\/www.fortuna-gravuren.ch\/fr\/boutique\/\"},{\"@type\":\"ListItem\",\"position\":3,\"name\":\"Grand troph\u00e9e or art. n\u00b0 N2902\"}]},{\"@type\":\"WebSite\",\"@id\":\"https:\/\/www.fortuna-gravuren.ch\/fr\/#website\",\"url\":\"https:\/\/www.fortuna-gravuren.ch\/fr\/\",\"name\":\"Fortuna Gravuren\",\"description\":\"\",\"publisher\":{\"@id\":\"https:\/\/www.fortuna-gravuren.ch\/fr\/#organization\"},\"potentialAction\":[{\"@type\":\"SearchAction\",\"target\":{\"@type\":\"EntryPoint\",\"urlTemplate\":\"https:\/\/www.fortuna-gravuren.ch\/fr\/?s={search_term_string}\"},\"query-input\":{\"@type\":\"PropertyValueSpecification\",\"valueRequired\":true,\"valueName\":\"search_term_string\"}}],\"inLanguage\":\"fr-FR\"},{\"@type\":\"Organization\",\"@id\":\"https:\/\/www.fortuna-gravuren.ch\/fr\/#organization\",\"name\":\"Fortuna Gravuren\",\"url\":\"https:\/\/www.fortuna-gravuren.ch\/fr\/\",\"logo\":{\"@type\":\"ImageObject\",\"inLanguage\":\"fr-FR\",\"@id\":\"https:\/\/www.fortuna-gravuren.ch\/fr\/#\/schema\/logo\/image\/\",\"url\":\"https:\/\/www.fortuna-gravuren.ch\/wp-content\/uploads\/2026\/02\/cropped-320_131_Fortuna.png\",\"contentUrl\":\"https:\/\/www.fortuna-gravuren.ch\/wp-content\/uploads\/2026\/02\/cropped-320_131_Fortuna.png\",\"width\":320,\"height\":132,\"caption\":\"Fortuna Gravuren\"},\"image\":{\"@id\":\"https:\/\/www.fortuna-gravuren.ch\/fr\/#\/schema\/logo\/image\/\"}}]}<\/script>\n<!-- \/ Yoast SEO plugin. -->","yoast_head_json":{"title":"Troph\u00e9e argent or sur socle noir avec plaque grav\u00e9e","description":"Coupe argent or sur socle noir avec plaquette grav\u00e9e et embl\u00e8me mont\u00e9 sur le couvercle convient pour coupe itin\u00e9rante ou manifestations sportives","robots":{"index":"index","follow":"follow","max-snippet":"max-snippet:-1","max-image-preview":"max-image-preview:large","max-video-preview":"max-video-preview:-1"},"canonical":"https:\/\/www.fortuna-gravuren.ch\/fr\/product\/grand-trophee-or-art-n-n2902\/","og_locale":"fr_FR","og_type":"article","og_title":"Troph\u00e9e argent or sur socle noir avec plaque grav\u00e9e","og_description":"Coupe argent or sur socle noir avec plaquette grav\u00e9e et embl\u00e8me mont\u00e9 sur le couvercle convient pour coupe itin\u00e9rante ou manifestations sportives","og_url":"https:\/\/www.fortuna-gravuren.ch\/fr\/product\/grand-trophee-or-art-n-n2902\/","og_site_name":"Fortuna Gravuren","og_image":[{"width":800,"height":800,"url":"https:\/\/www.fortuna-gravuren.ch\/wp-content\/uploads\/2016\/02\/grosser-pokal-gold-art.nr_.-n2902_1.jpg","type":"image\/jpeg"}],"twitter_card":"summary_large_image","twitter_misc":{"Dur\u00e9e de lecture estim\u00e9e":"1 minute"},"schema":{"@context":"https:\/\/schema.org","@graph":[{"@type":"WebPage","@id":"https:\/\/www.fortuna-gravuren.ch\/fr\/product\/grand-trophee-or-art-n-n2902\/","url":"https:\/\/www.fortuna-gravuren.ch\/fr\/product\/grand-trophee-or-art-n-n2902\/","name":"Troph\u00e9e argent or sur socle noir avec plaque grav\u00e9e","isPartOf":{"@id":"https:\/\/www.fortuna-gravuren.ch\/fr\/#website"},"primaryImageOfPage":{"@id":"https:\/\/www.fortuna-gravuren.ch\/fr\/product\/grand-trophee-or-art-n-n2902\/#primaryimage"},"image":{"@id":"https:\/\/www.fortuna-gravuren.ch\/fr\/product\/grand-trophee-or-art-n-n2902\/#primaryimage"},"thumbnailUrl":"https:\/\/www.fortuna-gravuren.ch\/wp-content\/uploads\/2016\/02\/grosser-pokal-gold-art.nr_.-n2902_1.jpg","datePublished":"2016-02-29T16:26:44+00:00","description":"Coupe argent or sur socle noir avec plaquette grav\u00e9e et embl\u00e8me mont\u00e9 sur le couvercle convient pour coupe itin\u00e9rante ou manifestations sportives","breadcrumb":{"@id":"https:\/\/www.fortuna-gravuren.ch\/fr\/product\/grand-trophee-or-art-n-n2902\/#breadcrumb"},"inLanguage":"fr-FR","potentialAction":[{"@type":"ReadAction","target":["https:\/\/www.fortuna-gravuren.ch\/fr\/product\/grand-trophee-or-art-n-n2902\/"]}]},{"@type":"ImageObject","inLanguage":"fr-FR","@id":"https:\/\/www.fortuna-gravuren.ch\/fr\/product\/grand-trophee-or-art-n-n2902\/#primaryimage","url":"https:\/\/www.fortuna-gravuren.ch\/wp-content\/uploads\/2016\/02\/grosser-pokal-gold-art.nr_.-n2902_1.jpg","contentUrl":"https:\/\/www.fortuna-gravuren.ch\/wp-content\/uploads\/2016\/02\/grosser-pokal-gold-art.nr_.-n2902_1.jpg","width":800,"height":800,"caption":"Grosser Pokal Gold Art.Nr. N2902"},{"@type":"BreadcrumbList","@id":"https:\/\/www.fortuna-gravuren.ch\/fr\/product\/grand-trophee-or-art-n-n2902\/#breadcrumb","itemListElement":[{"@type":"ListItem","position":1,"name":"Accueil","item":"https:\/\/www.fortuna-gravuren.ch\/fr\/"},{"@type":"ListItem","position":2,"name":"Boutique","item":"https:\/\/www.fortuna-gravuren.ch\/fr\/boutique\/"},{"@type":"ListItem","position":3,"name":"Grand troph\u00e9e or art. n\u00b0 N2902"}]},{"@type":"WebSite","@id":"https:\/\/www.fortuna-gravuren.ch\/fr\/#website","url":"https:\/\/www.fortuna-gravuren.ch\/fr\/","name":"Fortuna Gravuren","description":"","publisher":{"@id":"https:\/\/www.fortuna-gravuren.ch\/fr\/#organization"},"potentialAction":[{"@type":"SearchAction","target":{"@type":"EntryPoint","urlTemplate":"https:\/\/www.fortuna-gravuren.ch\/fr\/?s={search_term_string}"},"query-input":{"@type":"PropertyValueSpecification","valueRequired":true,"valueName":"search_term_string"}}],"inLanguage":"fr-FR"},{"@type":"Organization","@id":"https:\/\/www.fortuna-gravuren.ch\/fr\/#organization","name":"Fortuna Gravuren","url":"https:\/\/www.fortuna-gravuren.ch\/fr\/","logo":{"@type":"ImageObject","inLanguage":"fr-FR","@id":"https:\/\/www.fortuna-gravuren.ch\/fr\/#\/schema\/logo\/image\/","url":"https:\/\/www.fortuna-gravuren.ch\/wp-content\/uploads\/2026\/02\/cropped-320_131_Fortuna.png","contentUrl":"https:\/\/www.fortuna-gravuren.ch\/wp-content\/uploads\/2026\/02\/cropped-320_131_Fortuna.png","width":320,"height":132,"caption":"Fortuna Gravuren"},"image":{"@id":"https:\/\/www.fortuna-gravuren.ch\/fr\/#\/schema\/logo\/image\/"}}]}},"_links":{"self":[{"href":"https:\/\/www.fortuna-gravuren.ch\/fr\/wp-json\/wp\/v2\/product\/15029","targetHints":{"allow":["GET"]}}],"collection":[{"href":"https:\/\/www.fortuna-gravuren.ch\/fr\/wp-json\/wp\/v2\/product"}],"about":[{"href":"https:\/\/www.fortuna-gravuren.ch\/fr\/wp-json\/wp\/v2\/types\/product"}],"wp:featuredmedia":[{"embeddable":true,"href":"https:\/\/www.fortuna-gravuren.ch\/fr\/wp-json\/wp\/v2\/media\/986"}],"wp:attachment":[{"href":"https:\/\/www.fortuna-gravuren.ch\/fr\/wp-json\/wp\/v2\/media?parent=15029"}],"wp:term":[{"taxonomy":"product_brand","embeddable":true,"href":"https:\/\/www.fortuna-gravuren.ch\/fr\/wp-json\/wp\/v2\/product_brand?post=15029"},{"taxonomy":"product_cat","embeddable":true,"href":"https:\/\/www.fortuna-gravuren.ch\/fr\/wp-json\/wp\/v2\/product_cat?post=15029"},{"taxonomy":"product_tag","embeddable":true,"href":"https:\/\/www.fortuna-gravuren.ch\/fr\/wp-json\/wp\/v2\/product_tag?post=15029"}],"curies":[{"name":"wp","href":"https:\/\/api.w.org\/{rel}","templated":true}]}}