{"id":15017,"date":"2016-02-29T22:20:11","date_gmt":"2016-02-29T22:20:11","guid":{"rendered":"https:\/\/www.fortuna-gravuren.ch\/product\/trophee-argent-art-n-rs744-soldes\/"},"modified":"2016-02-29T22:20:11","modified_gmt":"2016-02-29T21:20:11","slug":"trophee-argent-art-n-rs744-soldes","status":"publish","type":"product","link":"https:\/\/www.fortuna-gravuren.ch\/fr\/product\/trophee-argent-art-n-rs744-soldes\/","title":{"rendered":"Troph\u00e9e argent Art.n\u00b0 RS744 - SOLDES"},"content":{"rendered":"<p><span style=\"font-size: medium\"><strong>Troph\u00e9e argent Art.n\u00b0 RS744 <\/strong><\/span><\/p>\n<p>Cette belle coupe peut \u00eatre offerte comme cadeau ou comme r\u00e9compense. Chaque personne qui re\u00e7oit le troph\u00e9e doit se sentir gagnante. Gr\u00e2ce \u00e0 la gravure individuelle, le troph\u00e9e est tr\u00e8s personnel. Le beau socle est \u00e9l\u00e9gant. Les belles anses sur les c\u00f4t\u00e9s du corps de la coupe sont tr\u00e8s \u00e9l\u00e9gantes.    <\/p>\n<p>Pour le couvercle, il est encore possible de choisir le sujet appropri\u00e9 sous la rubrique Embl\u00e8mes. La gravure est r\u00e9alis\u00e9e sur une plaque, celle-ci est plac\u00e9e sur le socle.<\/p>\n<p>Le prix comprend la gravure. <\/p>\n<p>Si vous souhaitez un embl\u00e8me avec le logo de votre entreprise ou de votre association, demandez-nous le prix.<\/p>\n<p><b>Produits Information Coupe :<\/b><b> <\/b><\/p>\n<ul>\n<li>Mat\u00e9riau : m\u00e9tal\/plastique<\/li>\n<li>Surface : argent<\/li>\n<li>hauteur \u00e0 partir de 26 cm<\/li>\n<li>Socle en pierre noir<\/li>\n<li>Gravure : 3 lignes<\/li>\n<li>Bouclier argent<\/li>\n<li>Convient comme coupe itin\u00e9rante<\/li>\n<\/ul>\n","protected":false},"excerpt":{"rendered":"<div id=\"productShortdesc\" class=\"shortDescription description\">Coupe argent sur socle noir<\/div>\n","protected":false},"featured_media":1020,"template":"","meta":{"_acf_changed":false,"_genesis_hide_title":false,"_genesis_hide_breadcrumbs":false,"_genesis_hide_singular_image":false,"_genesis_hide_footer_widgets":false,"_genesis_custom_body_class":"","_genesis_custom_post_class":"","_genesis_layout":""},"product_brand":[],"product_cat":[359],"product_tag":[],"class_list":{"0":"post-15017","1":"product","2":"type-product","3":"status-publish","4":"has-post-thumbnail","6":"product_cat-categorie-par-defaut","7":"product_shipping_class-14-chf-fr","8":"pa_delivery-2-3-jours","9":"pa_fontfamily-hel-fr","10":"pa_fontfamily-script-412-1-l-fr","11":"pa_fontfamily-scriptrund-1l","12":"pa_fontfamily-sl-interne","13":"entry","15":"first","16":"outofstock","17":"shipping-taxable","18":"purchasable","19":"product-type-simple"},"exclude_global_add_ons":[],"addons":[],"acf":[],"yoast_head":"<!-- This site is optimized with the Yoast SEO plugin v26.9 - https:\/\/yoast.com\/product\/yoast-seo-wordpress\/ -->\n<title>Coupe argent sur socle noir avec belles anses sur les c\u00f4t\u00e9s<\/title>\n<meta name=\"description\" content=\"troph\u00e9e argent sur socle noir avec de belles anses sur les c\u00f4t\u00e9s avec plaque grav\u00e9e et embl\u00e8me belle d\u00e9coration sur le troph\u00e9e\" \/>\n<meta name=\"robots\" content=\"index, follow, max-snippet:-1, max-image-preview:large, max-video-preview:-1\" \/>\n<link rel=\"canonical\" href=\"https:\/\/www.fortuna-gravuren.ch\/fr\/product\/trophee-argent-art-n-rs744-soldes\/\" \/>\n<meta property=\"og:locale\" content=\"fr_FR\" \/>\n<meta property=\"og:type\" content=\"article\" \/>\n<meta property=\"og:title\" content=\"Coupe argent sur socle noir avec belles anses sur les c\u00f4t\u00e9s\" \/>\n<meta property=\"og:description\" content=\"troph\u00e9e argent sur socle noir avec de belles anses sur les c\u00f4t\u00e9s avec plaque grav\u00e9e et embl\u00e8me belle d\u00e9coration sur le troph\u00e9e\" \/>\n<meta property=\"og:url\" content=\"https:\/\/www.fortuna-gravuren.ch\/fr\/product\/trophee-argent-art-n-rs744-soldes\/\" \/>\n<meta property=\"og:site_name\" content=\"Fortuna Gravuren\" \/>\n<meta property=\"og:image\" content=\"https:\/\/www.fortuna-gravuren.ch\/wp-content\/uploads\/2016\/02\/rs744.jpg\" \/>\n\t<meta property=\"og:image:width\" content=\"1200\" \/>\n\t<meta property=\"og:image:height\" content=\"1200\" \/>\n\t<meta property=\"og:image:type\" content=\"image\/jpeg\" \/>\n<meta name=\"twitter:card\" content=\"summary_large_image\" \/>\n<meta name=\"twitter:label1\" content=\"Dur\u00e9e de lecture estim\u00e9e\" \/>\n\t<meta name=\"twitter:data1\" content=\"1 minute\" \/>\n<script type=\"application\/ld+json\" class=\"yoast-schema-graph\">{\"@context\":\"https:\/\/schema.org\",\"@graph\":[{\"@type\":\"WebPage\",\"@id\":\"https:\/\/www.fortuna-gravuren.ch\/fr\/product\/trophee-argent-art-n-rs744-soldes\/\",\"url\":\"https:\/\/www.fortuna-gravuren.ch\/fr\/product\/trophee-argent-art-n-rs744-soldes\/\",\"name\":\"Coupe argent sur socle noir avec belles anses sur les c\u00f4t\u00e9s\",\"isPartOf\":{\"@id\":\"https:\/\/www.fortuna-gravuren.ch\/fr\/#website\"},\"primaryImageOfPage\":{\"@id\":\"https:\/\/www.fortuna-gravuren.ch\/fr\/product\/trophee-argent-art-n-rs744-soldes\/#primaryimage\"},\"image\":{\"@id\":\"https:\/\/www.fortuna-gravuren.ch\/fr\/product\/trophee-argent-art-n-rs744-soldes\/#primaryimage\"},\"thumbnailUrl\":\"https:\/\/www.fortuna-gravuren.ch\/wp-content\/uploads\/2016\/02\/rs744.jpg\",\"datePublished\":\"2016-02-29T22:20:11+00:00\",\"description\":\"troph\u00e9e argent sur socle noir avec de belles anses sur les c\u00f4t\u00e9s avec plaque grav\u00e9e et embl\u00e8me belle d\u00e9coration sur le troph\u00e9e\",\"breadcrumb\":{\"@id\":\"https:\/\/www.fortuna-gravuren.ch\/fr\/product\/trophee-argent-art-n-rs744-soldes\/#breadcrumb\"},\"inLanguage\":\"fr-FR\",\"potentialAction\":[{\"@type\":\"ReadAction\",\"target\":[\"https:\/\/www.fortuna-gravuren.ch\/fr\/product\/trophee-argent-art-n-rs744-soldes\/\"]}]},{\"@type\":\"ImageObject\",\"inLanguage\":\"fr-FR\",\"@id\":\"https:\/\/www.fortuna-gravuren.ch\/fr\/product\/trophee-argent-art-n-rs744-soldes\/#primaryimage\",\"url\":\"https:\/\/www.fortuna-gravuren.ch\/wp-content\/uploads\/2016\/02\/rs744.jpg\",\"contentUrl\":\"https:\/\/www.fortuna-gravuren.ch\/wp-content\/uploads\/2016\/02\/rs744.jpg\",\"width\":1200,\"height\":1200,\"caption\":\"Pokal Silber Art.Nr. RS744-0\"},{\"@type\":\"BreadcrumbList\",\"@id\":\"https:\/\/www.fortuna-gravuren.ch\/fr\/product\/trophee-argent-art-n-rs744-soldes\/#breadcrumb\",\"itemListElement\":[{\"@type\":\"ListItem\",\"position\":1,\"name\":\"Accueil\",\"item\":\"https:\/\/www.fortuna-gravuren.ch\/fr\/\"},{\"@type\":\"ListItem\",\"position\":2,\"name\":\"Boutique\",\"item\":\"https:\/\/www.fortuna-gravuren.ch\/fr\/boutique\/\"},{\"@type\":\"ListItem\",\"position\":3,\"name\":\"Troph\u00e9e argent Art.n\u00b0 RS744 - SOLDES\"}]},{\"@type\":\"WebSite\",\"@id\":\"https:\/\/www.fortuna-gravuren.ch\/fr\/#website\",\"url\":\"https:\/\/www.fortuna-gravuren.ch\/fr\/\",\"name\":\"Fortuna Gravuren\",\"description\":\"\",\"publisher\":{\"@id\":\"https:\/\/www.fortuna-gravuren.ch\/fr\/#organization\"},\"potentialAction\":[{\"@type\":\"SearchAction\",\"target\":{\"@type\":\"EntryPoint\",\"urlTemplate\":\"https:\/\/www.fortuna-gravuren.ch\/fr\/?s={search_term_string}\"},\"query-input\":{\"@type\":\"PropertyValueSpecification\",\"valueRequired\":true,\"valueName\":\"search_term_string\"}}],\"inLanguage\":\"fr-FR\"},{\"@type\":\"Organization\",\"@id\":\"https:\/\/www.fortuna-gravuren.ch\/fr\/#organization\",\"name\":\"Fortuna Gravuren\",\"url\":\"https:\/\/www.fortuna-gravuren.ch\/fr\/\",\"logo\":{\"@type\":\"ImageObject\",\"inLanguage\":\"fr-FR\",\"@id\":\"https:\/\/www.fortuna-gravuren.ch\/fr\/#\/schema\/logo\/image\/\",\"url\":\"https:\/\/www.fortuna-gravuren.ch\/wp-content\/uploads\/2026\/02\/cropped-320_131_Fortuna.png\",\"contentUrl\":\"https:\/\/www.fortuna-gravuren.ch\/wp-content\/uploads\/2026\/02\/cropped-320_131_Fortuna.png\",\"width\":320,\"height\":132,\"caption\":\"Fortuna Gravuren\"},\"image\":{\"@id\":\"https:\/\/www.fortuna-gravuren.ch\/fr\/#\/schema\/logo\/image\/\"}}]}<\/script>\n<!-- \/ Yoast SEO plugin. -->","yoast_head_json":{"title":"Coupe argent sur socle noir avec belles anses sur les c\u00f4t\u00e9s","description":"troph\u00e9e argent sur socle noir avec de belles anses sur les c\u00f4t\u00e9s avec plaque grav\u00e9e et embl\u00e8me belle d\u00e9coration sur le troph\u00e9e","robots":{"index":"index","follow":"follow","max-snippet":"max-snippet:-1","max-image-preview":"max-image-preview:large","max-video-preview":"max-video-preview:-1"},"canonical":"https:\/\/www.fortuna-gravuren.ch\/fr\/product\/trophee-argent-art-n-rs744-soldes\/","og_locale":"fr_FR","og_type":"article","og_title":"Coupe argent sur socle noir avec belles anses sur les c\u00f4t\u00e9s","og_description":"troph\u00e9e argent sur socle noir avec de belles anses sur les c\u00f4t\u00e9s avec plaque grav\u00e9e et embl\u00e8me belle d\u00e9coration sur le troph\u00e9e","og_url":"https:\/\/www.fortuna-gravuren.ch\/fr\/product\/trophee-argent-art-n-rs744-soldes\/","og_site_name":"Fortuna Gravuren","og_image":[{"width":1200,"height":1200,"url":"https:\/\/www.fortuna-gravuren.ch\/wp-content\/uploads\/2016\/02\/rs744.jpg","type":"image\/jpeg"}],"twitter_card":"summary_large_image","twitter_misc":{"Dur\u00e9e de lecture estim\u00e9e":"1 minute"},"schema":{"@context":"https:\/\/schema.org","@graph":[{"@type":"WebPage","@id":"https:\/\/www.fortuna-gravuren.ch\/fr\/product\/trophee-argent-art-n-rs744-soldes\/","url":"https:\/\/www.fortuna-gravuren.ch\/fr\/product\/trophee-argent-art-n-rs744-soldes\/","name":"Coupe argent sur socle noir avec belles anses sur les c\u00f4t\u00e9s","isPartOf":{"@id":"https:\/\/www.fortuna-gravuren.ch\/fr\/#website"},"primaryImageOfPage":{"@id":"https:\/\/www.fortuna-gravuren.ch\/fr\/product\/trophee-argent-art-n-rs744-soldes\/#primaryimage"},"image":{"@id":"https:\/\/www.fortuna-gravuren.ch\/fr\/product\/trophee-argent-art-n-rs744-soldes\/#primaryimage"},"thumbnailUrl":"https:\/\/www.fortuna-gravuren.ch\/wp-content\/uploads\/2016\/02\/rs744.jpg","datePublished":"2016-02-29T22:20:11+00:00","description":"troph\u00e9e argent sur socle noir avec de belles anses sur les c\u00f4t\u00e9s avec plaque grav\u00e9e et embl\u00e8me belle d\u00e9coration sur le troph\u00e9e","breadcrumb":{"@id":"https:\/\/www.fortuna-gravuren.ch\/fr\/product\/trophee-argent-art-n-rs744-soldes\/#breadcrumb"},"inLanguage":"fr-FR","potentialAction":[{"@type":"ReadAction","target":["https:\/\/www.fortuna-gravuren.ch\/fr\/product\/trophee-argent-art-n-rs744-soldes\/"]}]},{"@type":"ImageObject","inLanguage":"fr-FR","@id":"https:\/\/www.fortuna-gravuren.ch\/fr\/product\/trophee-argent-art-n-rs744-soldes\/#primaryimage","url":"https:\/\/www.fortuna-gravuren.ch\/wp-content\/uploads\/2016\/02\/rs744.jpg","contentUrl":"https:\/\/www.fortuna-gravuren.ch\/wp-content\/uploads\/2016\/02\/rs744.jpg","width":1200,"height":1200,"caption":"Pokal Silber Art.Nr. RS744-0"},{"@type":"BreadcrumbList","@id":"https:\/\/www.fortuna-gravuren.ch\/fr\/product\/trophee-argent-art-n-rs744-soldes\/#breadcrumb","itemListElement":[{"@type":"ListItem","position":1,"name":"Accueil","item":"https:\/\/www.fortuna-gravuren.ch\/fr\/"},{"@type":"ListItem","position":2,"name":"Boutique","item":"https:\/\/www.fortuna-gravuren.ch\/fr\/boutique\/"},{"@type":"ListItem","position":3,"name":"Troph\u00e9e argent Art.n\u00b0 RS744 - SOLDES"}]},{"@type":"WebSite","@id":"https:\/\/www.fortuna-gravuren.ch\/fr\/#website","url":"https:\/\/www.fortuna-gravuren.ch\/fr\/","name":"Fortuna Gravuren","description":"","publisher":{"@id":"https:\/\/www.fortuna-gravuren.ch\/fr\/#organization"},"potentialAction":[{"@type":"SearchAction","target":{"@type":"EntryPoint","urlTemplate":"https:\/\/www.fortuna-gravuren.ch\/fr\/?s={search_term_string}"},"query-input":{"@type":"PropertyValueSpecification","valueRequired":true,"valueName":"search_term_string"}}],"inLanguage":"fr-FR"},{"@type":"Organization","@id":"https:\/\/www.fortuna-gravuren.ch\/fr\/#organization","name":"Fortuna Gravuren","url":"https:\/\/www.fortuna-gravuren.ch\/fr\/","logo":{"@type":"ImageObject","inLanguage":"fr-FR","@id":"https:\/\/www.fortuna-gravuren.ch\/fr\/#\/schema\/logo\/image\/","url":"https:\/\/www.fortuna-gravuren.ch\/wp-content\/uploads\/2026\/02\/cropped-320_131_Fortuna.png","contentUrl":"https:\/\/www.fortuna-gravuren.ch\/wp-content\/uploads\/2026\/02\/cropped-320_131_Fortuna.png","width":320,"height":132,"caption":"Fortuna Gravuren"},"image":{"@id":"https:\/\/www.fortuna-gravuren.ch\/fr\/#\/schema\/logo\/image\/"}}]}},"_links":{"self":[{"href":"https:\/\/www.fortuna-gravuren.ch\/fr\/wp-json\/wp\/v2\/product\/15017","targetHints":{"allow":["GET"]}}],"collection":[{"href":"https:\/\/www.fortuna-gravuren.ch\/fr\/wp-json\/wp\/v2\/product"}],"about":[{"href":"https:\/\/www.fortuna-gravuren.ch\/fr\/wp-json\/wp\/v2\/types\/product"}],"wp:featuredmedia":[{"embeddable":true,"href":"https:\/\/www.fortuna-gravuren.ch\/fr\/wp-json\/wp\/v2\/media\/1020"}],"wp:attachment":[{"href":"https:\/\/www.fortuna-gravuren.ch\/fr\/wp-json\/wp\/v2\/media?parent=15017"}],"wp:term":[{"taxonomy":"product_brand","embeddable":true,"href":"https:\/\/www.fortuna-gravuren.ch\/fr\/wp-json\/wp\/v2\/product_brand?post=15017"},{"taxonomy":"product_cat","embeddable":true,"href":"https:\/\/www.fortuna-gravuren.ch\/fr\/wp-json\/wp\/v2\/product_cat?post=15017"},{"taxonomy":"product_tag","embeddable":true,"href":"https:\/\/www.fortuna-gravuren.ch\/fr\/wp-json\/wp\/v2\/product_tag?post=15017"}],"curies":[{"name":"wp","href":"https:\/\/api.w.org\/{rel}","templated":true}]}}