{"id":14817,"date":"2016-03-02T09:52:31","date_gmt":"2016-03-02T09:52:31","guid":{"rendered":"https:\/\/www.fortuna-gravuren.ch\/product\/embleme-danse\/"},"modified":"2025-09-25T14:39:03","modified_gmt":"2025-09-25T13:39:03","slug":"embleme-danse","status":"publish","type":"product","link":"https:\/\/www.fortuna-gravuren.ch\/fr\/product\/embleme-danse\/","title":{"rendered":"Embl\u00e8me Danse"},"content":{"rendered":"<h1>Embl\u00e8me Danse<\/h1>\n<p>L&rsquo;embl\u00e8me \u00ab\u00a0Danse\u00a0\u00bb repr\u00e9sente un couple de danseurs \u00e9l\u00e9gamment v\u00eatus. Le sujet est fix\u00e9 sur le couvercle de la coupe, ce qui permet de voir le sport pratiqu\u00e9 lors de la remise de la coupe et conf\u00e8re \u00e0 la coupe une grande valeur de reconnaissance.<br \/>L&rsquo;embl\u00e8me rond est fabriqu\u00e9 en aluminium et a un diam\u00e8tre de 5 cm. Il s&rsquo;adapte parfaitement \u00e0 la coupe.  &nbsp;<\/p>\n<p>Information produit Embl\u00e8me Danse<\/p>\n<ul>\n<li>diam\u00e8tre : 5 cm<\/li>\n<li>Mat\u00e9riau : aluminium<\/li>\n<li>Disponible dans les couleurs suivantes : or, argent, bronze<\/li>\n<li>Application : L&rsquo;embl\u00e8me est coll\u00e9 sur le couvercle du troph\u00e9e.\n<\/li>\n<\/ul>\n","protected":false},"excerpt":{"rendered":"<p>Embl\u00e8mes en or, argent et bronze<\/p>\n","protected":false},"featured_media":0,"template":"","meta":{"_acf_changed":false,"_genesis_hide_title":false,"_genesis_hide_breadcrumbs":false,"_genesis_hide_singular_image":false,"_genesis_hide_footer_widgets":false,"_genesis_custom_body_class":"","_genesis_custom_post_class":"","_genesis_layout":""},"product_brand":[],"product_cat":[359,400,503],"product_tag":[],"class_list":{"0":"post-14817","1":"product","2":"type-product","3":"status-publish","5":"product_cat-categorie-par-defaut","6":"product_cat-emblemes-individuels","7":"product_cat-emblemes-divers","8":"product_shipping_class-14-chf-fr","9":"entry","11":"first","12":"instock","13":"shipping-taxable","14":"product-type-simple"},"exclude_global_add_ons":[],"addons":[],"acf":[],"yoast_head":"<!-- This site is optimized with the Yoast SEO plugin v26.9 - https:\/\/yoast.com\/product\/yoast-seo-wordpress\/ -->\n<title>Embl\u00e8me Danse - Fortuna Gravuren<\/title>\n<meta name=\"description\" content=\"Kaufen Sie Personalisierte Geschenke bei FORTUNA Gravuren. Wir gravieren Pokale, Medaillen, Flachm\u00e4nner oder auch Schilder.\" \/>\n<meta name=\"robots\" content=\"index, follow, max-snippet:-1, max-image-preview:large, max-video-preview:-1\" \/>\n<link rel=\"canonical\" href=\"https:\/\/www.fortuna-gravuren.ch\/fr\/product\/embleme-danse\/\" \/>\n<meta property=\"og:locale\" content=\"fr_FR\" \/>\n<meta property=\"og:type\" content=\"article\" \/>\n<meta property=\"og:title\" content=\"Embl\u00e8me Danse - Fortuna Gravuren\" \/>\n<meta property=\"og:description\" content=\"Kaufen Sie Personalisierte Geschenke bei FORTUNA Gravuren. Wir gravieren Pokale, Medaillen, Flachm\u00e4nner oder auch Schilder.\" \/>\n<meta property=\"og:url\" content=\"https:\/\/www.fortuna-gravuren.ch\/fr\/product\/embleme-danse\/\" \/>\n<meta property=\"og:site_name\" content=\"Fortuna Gravuren\" \/>\n<meta property=\"article:modified_time\" content=\"2025-09-25T13:39:03+00:00\" \/>\n<meta name=\"twitter:card\" content=\"summary_large_image\" \/>\n<meta name=\"twitter:label1\" content=\"Dur\u00e9e de lecture estim\u00e9e\" \/>\n\t<meta name=\"twitter:data1\" content=\"1 minute\" \/>\n<script type=\"application\/ld+json\" class=\"yoast-schema-graph\">{\"@context\":\"https:\/\/schema.org\",\"@graph\":[{\"@type\":\"WebPage\",\"@id\":\"https:\/\/www.fortuna-gravuren.ch\/fr\/product\/embleme-danse\/\",\"url\":\"https:\/\/www.fortuna-gravuren.ch\/fr\/product\/embleme-danse\/\",\"name\":\"Embl\u00e8me Danse - Fortuna Gravuren\",\"isPartOf\":{\"@id\":\"https:\/\/www.fortuna-gravuren.ch\/fr\/#website\"},\"datePublished\":\"2016-03-02T09:52:31+00:00\",\"dateModified\":\"2025-09-25T13:39:03+00:00\",\"description\":\"Kaufen Sie Personalisierte Geschenke bei FORTUNA Gravuren. Wir gravieren Pokale, Medaillen, Flachm\u00e4nner oder auch Schilder.\",\"breadcrumb\":{\"@id\":\"https:\/\/www.fortuna-gravuren.ch\/fr\/product\/embleme-danse\/#breadcrumb\"},\"inLanguage\":\"fr-FR\",\"potentialAction\":[{\"@type\":\"ReadAction\",\"target\":[\"https:\/\/www.fortuna-gravuren.ch\/fr\/product\/embleme-danse\/\"]}]},{\"@type\":\"BreadcrumbList\",\"@id\":\"https:\/\/www.fortuna-gravuren.ch\/fr\/product\/embleme-danse\/#breadcrumb\",\"itemListElement\":[{\"@type\":\"ListItem\",\"position\":1,\"name\":\"Accueil\",\"item\":\"https:\/\/www.fortuna-gravuren.ch\/fr\/\"},{\"@type\":\"ListItem\",\"position\":2,\"name\":\"Boutique\",\"item\":\"https:\/\/www.fortuna-gravuren.ch\/fr\/boutique\/\"},{\"@type\":\"ListItem\",\"position\":3,\"name\":\"Embl\u00e8me Danse\"}]},{\"@type\":\"WebSite\",\"@id\":\"https:\/\/www.fortuna-gravuren.ch\/fr\/#website\",\"url\":\"https:\/\/www.fortuna-gravuren.ch\/fr\/\",\"name\":\"Fortuna Gravuren\",\"description\":\"\",\"publisher\":{\"@id\":\"https:\/\/www.fortuna-gravuren.ch\/fr\/#organization\"},\"potentialAction\":[{\"@type\":\"SearchAction\",\"target\":{\"@type\":\"EntryPoint\",\"urlTemplate\":\"https:\/\/www.fortuna-gravuren.ch\/fr\/?s={search_term_string}\"},\"query-input\":{\"@type\":\"PropertyValueSpecification\",\"valueRequired\":true,\"valueName\":\"search_term_string\"}}],\"inLanguage\":\"fr-FR\"},{\"@type\":\"Organization\",\"@id\":\"https:\/\/www.fortuna-gravuren.ch\/fr\/#organization\",\"name\":\"Fortuna Gravuren\",\"url\":\"https:\/\/www.fortuna-gravuren.ch\/fr\/\",\"logo\":{\"@type\":\"ImageObject\",\"inLanguage\":\"fr-FR\",\"@id\":\"https:\/\/www.fortuna-gravuren.ch\/fr\/#\/schema\/logo\/image\/\",\"url\":\"https:\/\/www.fortuna-gravuren.ch\/wp-content\/uploads\/2026\/02\/cropped-320_131_Fortuna.png\",\"contentUrl\":\"https:\/\/www.fortuna-gravuren.ch\/wp-content\/uploads\/2026\/02\/cropped-320_131_Fortuna.png\",\"width\":320,\"height\":132,\"caption\":\"Fortuna Gravuren\"},\"image\":{\"@id\":\"https:\/\/www.fortuna-gravuren.ch\/fr\/#\/schema\/logo\/image\/\"}}]}<\/script>\n<!-- \/ Yoast SEO plugin. -->","yoast_head_json":{"title":"Embl\u00e8me Danse - Fortuna Gravuren","description":"Kaufen Sie Personalisierte Geschenke bei FORTUNA Gravuren. Wir gravieren Pokale, Medaillen, Flachm\u00e4nner oder auch Schilder.","robots":{"index":"index","follow":"follow","max-snippet":"max-snippet:-1","max-image-preview":"max-image-preview:large","max-video-preview":"max-video-preview:-1"},"canonical":"https:\/\/www.fortuna-gravuren.ch\/fr\/product\/embleme-danse\/","og_locale":"fr_FR","og_type":"article","og_title":"Embl\u00e8me Danse - Fortuna Gravuren","og_description":"Kaufen Sie Personalisierte Geschenke bei FORTUNA Gravuren. Wir gravieren Pokale, Medaillen, Flachm\u00e4nner oder auch Schilder.","og_url":"https:\/\/www.fortuna-gravuren.ch\/fr\/product\/embleme-danse\/","og_site_name":"Fortuna Gravuren","article_modified_time":"2025-09-25T13:39:03+00:00","twitter_card":"summary_large_image","twitter_misc":{"Dur\u00e9e de lecture estim\u00e9e":"1 minute"},"schema":{"@context":"https:\/\/schema.org","@graph":[{"@type":"WebPage","@id":"https:\/\/www.fortuna-gravuren.ch\/fr\/product\/embleme-danse\/","url":"https:\/\/www.fortuna-gravuren.ch\/fr\/product\/embleme-danse\/","name":"Embl\u00e8me Danse - Fortuna Gravuren","isPartOf":{"@id":"https:\/\/www.fortuna-gravuren.ch\/fr\/#website"},"datePublished":"2016-03-02T09:52:31+00:00","dateModified":"2025-09-25T13:39:03+00:00","description":"Kaufen Sie Personalisierte Geschenke bei FORTUNA Gravuren. Wir gravieren Pokale, Medaillen, Flachm\u00e4nner oder auch Schilder.","breadcrumb":{"@id":"https:\/\/www.fortuna-gravuren.ch\/fr\/product\/embleme-danse\/#breadcrumb"},"inLanguage":"fr-FR","potentialAction":[{"@type":"ReadAction","target":["https:\/\/www.fortuna-gravuren.ch\/fr\/product\/embleme-danse\/"]}]},{"@type":"BreadcrumbList","@id":"https:\/\/www.fortuna-gravuren.ch\/fr\/product\/embleme-danse\/#breadcrumb","itemListElement":[{"@type":"ListItem","position":1,"name":"Accueil","item":"https:\/\/www.fortuna-gravuren.ch\/fr\/"},{"@type":"ListItem","position":2,"name":"Boutique","item":"https:\/\/www.fortuna-gravuren.ch\/fr\/boutique\/"},{"@type":"ListItem","position":3,"name":"Embl\u00e8me Danse"}]},{"@type":"WebSite","@id":"https:\/\/www.fortuna-gravuren.ch\/fr\/#website","url":"https:\/\/www.fortuna-gravuren.ch\/fr\/","name":"Fortuna Gravuren","description":"","publisher":{"@id":"https:\/\/www.fortuna-gravuren.ch\/fr\/#organization"},"potentialAction":[{"@type":"SearchAction","target":{"@type":"EntryPoint","urlTemplate":"https:\/\/www.fortuna-gravuren.ch\/fr\/?s={search_term_string}"},"query-input":{"@type":"PropertyValueSpecification","valueRequired":true,"valueName":"search_term_string"}}],"inLanguage":"fr-FR"},{"@type":"Organization","@id":"https:\/\/www.fortuna-gravuren.ch\/fr\/#organization","name":"Fortuna Gravuren","url":"https:\/\/www.fortuna-gravuren.ch\/fr\/","logo":{"@type":"ImageObject","inLanguage":"fr-FR","@id":"https:\/\/www.fortuna-gravuren.ch\/fr\/#\/schema\/logo\/image\/","url":"https:\/\/www.fortuna-gravuren.ch\/wp-content\/uploads\/2026\/02\/cropped-320_131_Fortuna.png","contentUrl":"https:\/\/www.fortuna-gravuren.ch\/wp-content\/uploads\/2026\/02\/cropped-320_131_Fortuna.png","width":320,"height":132,"caption":"Fortuna Gravuren"},"image":{"@id":"https:\/\/www.fortuna-gravuren.ch\/fr\/#\/schema\/logo\/image\/"}}]}},"_links":{"self":[{"href":"https:\/\/www.fortuna-gravuren.ch\/fr\/wp-json\/wp\/v2\/product\/14817","targetHints":{"allow":["GET"]}}],"collection":[{"href":"https:\/\/www.fortuna-gravuren.ch\/fr\/wp-json\/wp\/v2\/product"}],"about":[{"href":"https:\/\/www.fortuna-gravuren.ch\/fr\/wp-json\/wp\/v2\/types\/product"}],"wp:attachment":[{"href":"https:\/\/www.fortuna-gravuren.ch\/fr\/wp-json\/wp\/v2\/media?parent=14817"}],"wp:term":[{"taxonomy":"product_brand","embeddable":true,"href":"https:\/\/www.fortuna-gravuren.ch\/fr\/wp-json\/wp\/v2\/product_brand?post=14817"},{"taxonomy":"product_cat","embeddable":true,"href":"https:\/\/www.fortuna-gravuren.ch\/fr\/wp-json\/wp\/v2\/product_cat?post=14817"},{"taxonomy":"product_tag","embeddable":true,"href":"https:\/\/www.fortuna-gravuren.ch\/fr\/wp-json\/wp\/v2\/product_tag?post=14817"}],"curies":[{"name":"wp","href":"https:\/\/api.w.org\/{rel}","templated":true}]}}