{"id":14775,"date":"2017-01-27T09:15:51","date_gmt":"2017-01-27T09:15:51","guid":{"rendered":"https:\/\/www.fortuna-gravuren.ch\/product\/embleme-en-verre-musique\/"},"modified":"2025-09-25T14:28:32","modified_gmt":"2025-09-25T13:28:32","slug":"embleme-en-verre-musique","status":"publish","type":"product","link":"https:\/\/www.fortuna-gravuren.ch\/fr\/product\/embleme-en-verre-musique\/","title":{"rendered":"Embl\u00e8me en verre Musique"},"content":{"rendered":"<h1>Embl\u00e8me en verre Musique<\/h1>\n<p>Un embl\u00e8me en verre pour les types de musique.<\/p>\n<p>On y voit une cl\u00e9 de sol avec diff\u00e9rentes notes sur un fond dor\u00e9, soutenue par des d\u00e9signations musicales italiennes.<\/p>\n<p>Les embl\u00e8mes en verre sont g\u00e9n\u00e9ralement connus dans le sport et la comp\u00e9tition et servent de distinction, de cadeau ou de confirmation de participation. Tous nos embl\u00e8mes sont cr\u00e9\u00e9s individuellement \u00e0 l&rsquo;aide de techniques de pointe et de connaissances sp\u00e9cialis\u00e9es et sont livrables en quelques jours. Chez nous, les embl\u00e8mes en verre ont un diam\u00e8tre de 5 cm et sont imprim\u00e9s sur du verre. Ils sont ensuite mont\u00e9s sur nos supports en verre. Si vous souhaitez commander plus de deux embl\u00e8mes en verre, vous pouvez b\u00e9n\u00e9ficier d&rsquo;un rabais de quantit\u00e9.   <\/p>\n<p>Contactez-nous et nous nous ferons un plaisir de r\u00e9pondre \u00e0 votre demande.&nbsp;<\/p>\n","protected":false},"excerpt":{"rendered":"<p>Embl\u00e8me en verre Musique et notes<\/p>\n","protected":false},"featured_media":1384,"template":"","meta":{"_acf_changed":false,"_genesis_hide_title":false,"_genesis_hide_breadcrumbs":false,"_genesis_hide_singular_image":false,"_genesis_hide_footer_widgets":false,"_genesis_custom_body_class":"","_genesis_custom_post_class":"","_genesis_layout":""},"product_brand":[],"product_cat":[359,400,492],"product_tag":[],"class_list":{"0":"post-14775","1":"product","2":"type-product","3":"status-publish","4":"has-post-thumbnail","6":"product_cat-categorie-par-defaut","7":"product_cat-emblemes-individuels","8":"product_cat-emblemes-en-verre","9":"product_shipping_class-14-chf-fr","10":"pa_fontfamily-sl-interne","11":"entry","13":"first","14":"instock","15":"shipping-taxable","16":"purchasable","17":"product-type-simple"},"exclude_global_add_ons":[],"addons":[],"acf":[],"yoast_head":"<!-- This site is optimized with the Yoast SEO plugin v26.9 - https:\/\/yoast.com\/product\/yoast-seo-wordpress\/ -->\n<title>Embl\u00e8me en verre Musique - Fortuna Gravuren<\/title>\n<meta name=\"description\" content=\"Kaufen Sie Personalisierte Geschenke bei FORTUNA Gravuren. Wir gravieren Pokale, Medaillen, Flachm\u00e4nner oder auch Schilder.\" \/>\n<meta name=\"robots\" content=\"index, follow, max-snippet:-1, max-image-preview:large, max-video-preview:-1\" \/>\n<link rel=\"canonical\" href=\"https:\/\/www.fortuna-gravuren.ch\/fr\/product\/embleme-en-verre-musique\/\" \/>\n<meta property=\"og:locale\" content=\"fr_FR\" \/>\n<meta property=\"og:type\" content=\"article\" \/>\n<meta property=\"og:title\" content=\"Embl\u00e8me en verre Musique - Fortuna Gravuren\" \/>\n<meta property=\"og:description\" content=\"Kaufen Sie Personalisierte Geschenke bei FORTUNA Gravuren. Wir gravieren Pokale, Medaillen, Flachm\u00e4nner oder auch Schilder.\" \/>\n<meta property=\"og:url\" content=\"https:\/\/www.fortuna-gravuren.ch\/fr\/product\/embleme-en-verre-musique\/\" \/>\n<meta property=\"og:site_name\" content=\"Fortuna Gravuren\" \/>\n<meta property=\"article:modified_time\" content=\"2025-09-25T13:28:32+00:00\" \/>\n<meta property=\"og:image\" content=\"https:\/\/www.fortuna-gravuren.ch\/wp-content\/uploads\/2017\/01\/glasemblemmusik_c061c.jpg\" \/>\n\t<meta property=\"og:image:width\" content=\"800\" \/>\n\t<meta property=\"og:image:height\" content=\"800\" \/>\n\t<meta property=\"og:image:type\" content=\"image\/jpeg\" \/>\n<meta name=\"twitter:card\" content=\"summary_large_image\" \/>\n<meta name=\"twitter:label1\" content=\"Dur\u00e9e de lecture estim\u00e9e\" \/>\n\t<meta name=\"twitter:data1\" content=\"1 minute\" \/>\n<script type=\"application\/ld+json\" class=\"yoast-schema-graph\">{\"@context\":\"https:\/\/schema.org\",\"@graph\":[{\"@type\":\"WebPage\",\"@id\":\"https:\/\/www.fortuna-gravuren.ch\/fr\/product\/embleme-en-verre-musique\/\",\"url\":\"https:\/\/www.fortuna-gravuren.ch\/fr\/product\/embleme-en-verre-musique\/\",\"name\":\"Embl\u00e8me en verre Musique - Fortuna Gravuren\",\"isPartOf\":{\"@id\":\"https:\/\/www.fortuna-gravuren.ch\/fr\/#website\"},\"primaryImageOfPage\":{\"@id\":\"https:\/\/www.fortuna-gravuren.ch\/fr\/product\/embleme-en-verre-musique\/#primaryimage\"},\"image\":{\"@id\":\"https:\/\/www.fortuna-gravuren.ch\/fr\/product\/embleme-en-verre-musique\/#primaryimage\"},\"thumbnailUrl\":\"https:\/\/www.fortuna-gravuren.ch\/wp-content\/uploads\/2017\/01\/glasemblemmusik_c061c.jpg\",\"datePublished\":\"2017-01-27T09:15:51+00:00\",\"dateModified\":\"2025-09-25T13:28:32+00:00\",\"description\":\"Kaufen Sie Personalisierte Geschenke bei FORTUNA Gravuren. Wir gravieren Pokale, Medaillen, Flachm\u00e4nner oder auch Schilder.\",\"breadcrumb\":{\"@id\":\"https:\/\/www.fortuna-gravuren.ch\/fr\/product\/embleme-en-verre-musique\/#breadcrumb\"},\"inLanguage\":\"fr-FR\",\"potentialAction\":[{\"@type\":\"ReadAction\",\"target\":[\"https:\/\/www.fortuna-gravuren.ch\/fr\/product\/embleme-en-verre-musique\/\"]}]},{\"@type\":\"ImageObject\",\"inLanguage\":\"fr-FR\",\"@id\":\"https:\/\/www.fortuna-gravuren.ch\/fr\/product\/embleme-en-verre-musique\/#primaryimage\",\"url\":\"https:\/\/www.fortuna-gravuren.ch\/wp-content\/uploads\/2017\/01\/glasemblemmusik_c061c.jpg\",\"contentUrl\":\"https:\/\/www.fortuna-gravuren.ch\/wp-content\/uploads\/2017\/01\/glasemblemmusik_c061c.jpg\",\"width\":800,\"height\":800,\"caption\":\"Glasemblem Musik-0\"},{\"@type\":\"BreadcrumbList\",\"@id\":\"https:\/\/www.fortuna-gravuren.ch\/fr\/product\/embleme-en-verre-musique\/#breadcrumb\",\"itemListElement\":[{\"@type\":\"ListItem\",\"position\":1,\"name\":\"Accueil\",\"item\":\"https:\/\/www.fortuna-gravuren.ch\/fr\/\"},{\"@type\":\"ListItem\",\"position\":2,\"name\":\"Boutique\",\"item\":\"https:\/\/www.fortuna-gravuren.ch\/fr\/boutique\/\"},{\"@type\":\"ListItem\",\"position\":3,\"name\":\"Embl\u00e8me en verre Musique\"}]},{\"@type\":\"WebSite\",\"@id\":\"https:\/\/www.fortuna-gravuren.ch\/fr\/#website\",\"url\":\"https:\/\/www.fortuna-gravuren.ch\/fr\/\",\"name\":\"Fortuna Gravuren\",\"description\":\"\",\"publisher\":{\"@id\":\"https:\/\/www.fortuna-gravuren.ch\/fr\/#organization\"},\"potentialAction\":[{\"@type\":\"SearchAction\",\"target\":{\"@type\":\"EntryPoint\",\"urlTemplate\":\"https:\/\/www.fortuna-gravuren.ch\/fr\/?s={search_term_string}\"},\"query-input\":{\"@type\":\"PropertyValueSpecification\",\"valueRequired\":true,\"valueName\":\"search_term_string\"}}],\"inLanguage\":\"fr-FR\"},{\"@type\":\"Organization\",\"@id\":\"https:\/\/www.fortuna-gravuren.ch\/fr\/#organization\",\"name\":\"Fortuna Gravuren\",\"url\":\"https:\/\/www.fortuna-gravuren.ch\/fr\/\",\"logo\":{\"@type\":\"ImageObject\",\"inLanguage\":\"fr-FR\",\"@id\":\"https:\/\/www.fortuna-gravuren.ch\/fr\/#\/schema\/logo\/image\/\",\"url\":\"https:\/\/www.fortuna-gravuren.ch\/wp-content\/uploads\/2026\/02\/cropped-320_131_Fortuna.png\",\"contentUrl\":\"https:\/\/www.fortuna-gravuren.ch\/wp-content\/uploads\/2026\/02\/cropped-320_131_Fortuna.png\",\"width\":320,\"height\":132,\"caption\":\"Fortuna Gravuren\"},\"image\":{\"@id\":\"https:\/\/www.fortuna-gravuren.ch\/fr\/#\/schema\/logo\/image\/\"}}]}<\/script>\n<!-- \/ Yoast SEO plugin. -->","yoast_head_json":{"title":"Embl\u00e8me en verre Musique - Fortuna Gravuren","description":"Kaufen Sie Personalisierte Geschenke bei FORTUNA Gravuren. Wir gravieren Pokale, Medaillen, Flachm\u00e4nner oder auch Schilder.","robots":{"index":"index","follow":"follow","max-snippet":"max-snippet:-1","max-image-preview":"max-image-preview:large","max-video-preview":"max-video-preview:-1"},"canonical":"https:\/\/www.fortuna-gravuren.ch\/fr\/product\/embleme-en-verre-musique\/","og_locale":"fr_FR","og_type":"article","og_title":"Embl\u00e8me en verre Musique - Fortuna Gravuren","og_description":"Kaufen Sie Personalisierte Geschenke bei FORTUNA Gravuren. Wir gravieren Pokale, Medaillen, Flachm\u00e4nner oder auch Schilder.","og_url":"https:\/\/www.fortuna-gravuren.ch\/fr\/product\/embleme-en-verre-musique\/","og_site_name":"Fortuna Gravuren","article_modified_time":"2025-09-25T13:28:32+00:00","og_image":[{"width":800,"height":800,"url":"https:\/\/www.fortuna-gravuren.ch\/wp-content\/uploads\/2017\/01\/glasemblemmusik_c061c.jpg","type":"image\/jpeg"}],"twitter_card":"summary_large_image","twitter_misc":{"Dur\u00e9e de lecture estim\u00e9e":"1 minute"},"schema":{"@context":"https:\/\/schema.org","@graph":[{"@type":"WebPage","@id":"https:\/\/www.fortuna-gravuren.ch\/fr\/product\/embleme-en-verre-musique\/","url":"https:\/\/www.fortuna-gravuren.ch\/fr\/product\/embleme-en-verre-musique\/","name":"Embl\u00e8me en verre Musique - Fortuna Gravuren","isPartOf":{"@id":"https:\/\/www.fortuna-gravuren.ch\/fr\/#website"},"primaryImageOfPage":{"@id":"https:\/\/www.fortuna-gravuren.ch\/fr\/product\/embleme-en-verre-musique\/#primaryimage"},"image":{"@id":"https:\/\/www.fortuna-gravuren.ch\/fr\/product\/embleme-en-verre-musique\/#primaryimage"},"thumbnailUrl":"https:\/\/www.fortuna-gravuren.ch\/wp-content\/uploads\/2017\/01\/glasemblemmusik_c061c.jpg","datePublished":"2017-01-27T09:15:51+00:00","dateModified":"2025-09-25T13:28:32+00:00","description":"Kaufen Sie Personalisierte Geschenke bei FORTUNA Gravuren. Wir gravieren Pokale, Medaillen, Flachm\u00e4nner oder auch Schilder.","breadcrumb":{"@id":"https:\/\/www.fortuna-gravuren.ch\/fr\/product\/embleme-en-verre-musique\/#breadcrumb"},"inLanguage":"fr-FR","potentialAction":[{"@type":"ReadAction","target":["https:\/\/www.fortuna-gravuren.ch\/fr\/product\/embleme-en-verre-musique\/"]}]},{"@type":"ImageObject","inLanguage":"fr-FR","@id":"https:\/\/www.fortuna-gravuren.ch\/fr\/product\/embleme-en-verre-musique\/#primaryimage","url":"https:\/\/www.fortuna-gravuren.ch\/wp-content\/uploads\/2017\/01\/glasemblemmusik_c061c.jpg","contentUrl":"https:\/\/www.fortuna-gravuren.ch\/wp-content\/uploads\/2017\/01\/glasemblemmusik_c061c.jpg","width":800,"height":800,"caption":"Glasemblem Musik-0"},{"@type":"BreadcrumbList","@id":"https:\/\/www.fortuna-gravuren.ch\/fr\/product\/embleme-en-verre-musique\/#breadcrumb","itemListElement":[{"@type":"ListItem","position":1,"name":"Accueil","item":"https:\/\/www.fortuna-gravuren.ch\/fr\/"},{"@type":"ListItem","position":2,"name":"Boutique","item":"https:\/\/www.fortuna-gravuren.ch\/fr\/boutique\/"},{"@type":"ListItem","position":3,"name":"Embl\u00e8me en verre Musique"}]},{"@type":"WebSite","@id":"https:\/\/www.fortuna-gravuren.ch\/fr\/#website","url":"https:\/\/www.fortuna-gravuren.ch\/fr\/","name":"Fortuna Gravuren","description":"","publisher":{"@id":"https:\/\/www.fortuna-gravuren.ch\/fr\/#organization"},"potentialAction":[{"@type":"SearchAction","target":{"@type":"EntryPoint","urlTemplate":"https:\/\/www.fortuna-gravuren.ch\/fr\/?s={search_term_string}"},"query-input":{"@type":"PropertyValueSpecification","valueRequired":true,"valueName":"search_term_string"}}],"inLanguage":"fr-FR"},{"@type":"Organization","@id":"https:\/\/www.fortuna-gravuren.ch\/fr\/#organization","name":"Fortuna Gravuren","url":"https:\/\/www.fortuna-gravuren.ch\/fr\/","logo":{"@type":"ImageObject","inLanguage":"fr-FR","@id":"https:\/\/www.fortuna-gravuren.ch\/fr\/#\/schema\/logo\/image\/","url":"https:\/\/www.fortuna-gravuren.ch\/wp-content\/uploads\/2026\/02\/cropped-320_131_Fortuna.png","contentUrl":"https:\/\/www.fortuna-gravuren.ch\/wp-content\/uploads\/2026\/02\/cropped-320_131_Fortuna.png","width":320,"height":132,"caption":"Fortuna Gravuren"},"image":{"@id":"https:\/\/www.fortuna-gravuren.ch\/fr\/#\/schema\/logo\/image\/"}}]}},"_links":{"self":[{"href":"https:\/\/www.fortuna-gravuren.ch\/fr\/wp-json\/wp\/v2\/product\/14775","targetHints":{"allow":["GET"]}}],"collection":[{"href":"https:\/\/www.fortuna-gravuren.ch\/fr\/wp-json\/wp\/v2\/product"}],"about":[{"href":"https:\/\/www.fortuna-gravuren.ch\/fr\/wp-json\/wp\/v2\/types\/product"}],"wp:featuredmedia":[{"embeddable":true,"href":"https:\/\/www.fortuna-gravuren.ch\/fr\/wp-json\/wp\/v2\/media\/1384"}],"wp:attachment":[{"href":"https:\/\/www.fortuna-gravuren.ch\/fr\/wp-json\/wp\/v2\/media?parent=14775"}],"wp:term":[{"taxonomy":"product_brand","embeddable":true,"href":"https:\/\/www.fortuna-gravuren.ch\/fr\/wp-json\/wp\/v2\/product_brand?post=14775"},{"taxonomy":"product_cat","embeddable":true,"href":"https:\/\/www.fortuna-gravuren.ch\/fr\/wp-json\/wp\/v2\/product_cat?post=14775"},{"taxonomy":"product_tag","embeddable":true,"href":"https:\/\/www.fortuna-gravuren.ch\/fr\/wp-json\/wp\/v2\/product_tag?post=14775"}],"curies":[{"name":"wp","href":"https:\/\/api.w.org\/{rel}","templated":true}]}}