{"id":14575,"date":"2019-10-09T08:02:26","date_gmt":"2019-10-09T07:02:26","guid":{"rendered":"https:\/\/www.fortuna-gravuren.ch\/product\/coupe-de-football-art-n-m3416\/"},"modified":"2025-09-25T13:38:42","modified_gmt":"2025-09-25T12:38:42","slug":"coupe-de-football-art-n-m3416","status":"publish","type":"product","link":"https:\/\/www.fortuna-gravuren.ch\/fr\/product\/coupe-de-football-art-n-m3416\/","title":{"rendered":"Coupe de football Art.n\u00b0 M3416"},"content":{"rendered":"<h2>Coupe de football Art.n\u00b0 M3416 <\/h2>\n<p>Ce troph\u00e9e de football est unique par son design. Il p\u00e8se 2 kilos et repose sur un socle en pierre noire. Le socle pr\u00e9sente de petits d\u00e9fauts sur le bord. Les mains forment une colonne sur laquelle le ballon de football est maintenu en hauteur. Ce troph\u00e9e unique est disponible en bronze et est destin\u00e9 aux gagnants des grands et petits fans de football. Un troph\u00e9e un peu sp\u00e9cial pour le monde du football. Cette belle forme unique est disponible en bronze.<br \/>\nLa coupe peut \u00eatre utilis\u00e9e lors de tournois de football, de tournois de football, de tournois scolaires ou d&rsquo;\u00e9v\u00e9nements d&rsquo;entreprise. Ce troph\u00e9e a une hauteur de 22 cm. La plaque de couleur bronze est fix\u00e9e sur le socle. La plaque qui sera grav\u00e9e est en plastique&#8230;<br \/>\nLors de la commande, indiquez le texte que vous souhaitez pour la r\u00e9compense des vainqueurs. La gravure pour l&rsquo;inscription du troph\u00e9e de football est comprise dans le prix indiqu\u00e9.          <\/p>\n<p>Information produit Coupe de football :<\/p>\n<ul>\n<li>hauteur : 22 cm<\/li>\n<li>Couleur : Bronze<\/li>\n<li>Bouclier : bronze<\/li>\n<\/ul>\n","protected":false},"excerpt":{"rendered":"<p>Le troph\u00e9e de football mesure 22 cm et p\u00e8se 2 kilos.<\/p>\n","protected":false},"featured_media":3045,"template":"","meta":{"_acf_changed":false,"_genesis_hide_title":false,"_genesis_hide_breadcrumbs":false,"_genesis_hide_singular_image":false,"_genesis_hide_footer_widgets":false,"_genesis_custom_body_class":"","_genesis_custom_post_class":"","_genesis_layout":""},"product_brand":[],"product_cat":[359,411,410,392],"product_tag":[],"class_list":{"0":"post-14575","1":"product","2":"type-product","3":"status-publish","4":"has-post-thumbnail","6":"product_cat-categorie-par-defaut","7":"product_cat-football","8":"product_cat-sculptures-fr","9":"product_cat-ventes","10":"product_shipping_class-14-chf-fr","11":"pa_delivery-3-4-jours","12":"pa_fontfamily-hel-fr","13":"pa_fontfamily-script-412-1-l-fr","14":"pa_fontfamily-scriptrund-1l","15":"pa_fontfamily-sl-interne","16":"pa_startingat-1-fr","17":"entry","19":"first","20":"instock","21":"shipping-taxable","22":"purchasable","23":"product-type-simple"},"exclude_global_add_ons":[],"addons":[],"acf":[],"yoast_head":"<!-- This site is optimized with the Yoast SEO plugin v26.9 - https:\/\/yoast.com\/product\/yoast-seo-wordpress\/ -->\n<title>Coupe de football. Un ballon de foot port\u00e9 \u00e0 bout de bras.<\/title>\n<meta name=\"description\" content=\"Achetez chez Fortuna Gravuren cette coupe de football pour des r\u00e9compenses, des \u00e9v\u00e9nements sportifs ou des tournois \u00e0 un prix unique. Avec plaque de gravure en bronze.\" \/>\n<meta name=\"robots\" content=\"index, follow, max-snippet:-1, max-image-preview:large, max-video-preview:-1\" \/>\n<link rel=\"canonical\" href=\"https:\/\/www.fortuna-gravuren.ch\/fr\/product\/coupe-de-football-art-n-m3416\/\" \/>\n<meta property=\"og:locale\" content=\"fr_FR\" \/>\n<meta property=\"og:type\" content=\"article\" \/>\n<meta property=\"og:title\" content=\"Coupe de football. Un ballon de foot port\u00e9 \u00e0 bout de bras.\" \/>\n<meta property=\"og:description\" content=\"Achetez chez Fortuna Gravuren cette coupe de football pour des r\u00e9compenses, des \u00e9v\u00e9nements sportifs ou des tournois \u00e0 un prix unique. Avec plaque de gravure en bronze.\" \/>\n<meta property=\"og:url\" content=\"https:\/\/www.fortuna-gravuren.ch\/fr\/product\/coupe-de-football-art-n-m3416\/\" \/>\n<meta property=\"og:site_name\" content=\"Fortuna Gravuren\" \/>\n<meta property=\"article:modified_time\" content=\"2025-09-25T12:38:42+00:00\" \/>\n<meta property=\"og:image\" content=\"https:\/\/www.fortuna-gravuren.ch\/wp-content\/uploads\/2019\/09\/M3416.jpg\" \/>\n\t<meta property=\"og:image:width\" content=\"800\" \/>\n\t<meta property=\"og:image:height\" content=\"800\" \/>\n\t<meta property=\"og:image:type\" content=\"image\/jpeg\" \/>\n<meta name=\"twitter:card\" content=\"summary_large_image\" \/>\n<meta name=\"twitter:label1\" content=\"Dur\u00e9e de lecture estim\u00e9e\" \/>\n\t<meta name=\"twitter:data1\" content=\"1 minute\" \/>\n<script type=\"application\/ld+json\" class=\"yoast-schema-graph\">{\"@context\":\"https:\/\/schema.org\",\"@graph\":[{\"@type\":\"WebPage\",\"@id\":\"https:\/\/www.fortuna-gravuren.ch\/fr\/product\/coupe-de-football-art-n-m3416\/\",\"url\":\"https:\/\/www.fortuna-gravuren.ch\/fr\/product\/coupe-de-football-art-n-m3416\/\",\"name\":\"Coupe de football. Un ballon de foot port\u00e9 \u00e0 bout de bras.\",\"isPartOf\":{\"@id\":\"https:\/\/www.fortuna-gravuren.ch\/fr\/#website\"},\"primaryImageOfPage\":{\"@id\":\"https:\/\/www.fortuna-gravuren.ch\/fr\/product\/coupe-de-football-art-n-m3416\/#primaryimage\"},\"image\":{\"@id\":\"https:\/\/www.fortuna-gravuren.ch\/fr\/product\/coupe-de-football-art-n-m3416\/#primaryimage\"},\"thumbnailUrl\":\"https:\/\/www.fortuna-gravuren.ch\/wp-content\/uploads\/2019\/09\/M3416.jpg\",\"datePublished\":\"2019-10-09T07:02:26+00:00\",\"dateModified\":\"2025-09-25T12:38:42+00:00\",\"description\":\"Achetez chez Fortuna Gravuren cette coupe de football pour des r\u00e9compenses, des \u00e9v\u00e9nements sportifs ou des tournois \u00e0 un prix unique. Avec plaque de gravure en bronze.\",\"breadcrumb\":{\"@id\":\"https:\/\/www.fortuna-gravuren.ch\/fr\/product\/coupe-de-football-art-n-m3416\/#breadcrumb\"},\"inLanguage\":\"fr-FR\",\"potentialAction\":[{\"@type\":\"ReadAction\",\"target\":[\"https:\/\/www.fortuna-gravuren.ch\/fr\/product\/coupe-de-football-art-n-m3416\/\"]}]},{\"@type\":\"ImageObject\",\"inLanguage\":\"fr-FR\",\"@id\":\"https:\/\/www.fortuna-gravuren.ch\/fr\/product\/coupe-de-football-art-n-m3416\/#primaryimage\",\"url\":\"https:\/\/www.fortuna-gravuren.ch\/wp-content\/uploads\/2019\/09\/M3416.jpg\",\"contentUrl\":\"https:\/\/www.fortuna-gravuren.ch\/wp-content\/uploads\/2019\/09\/M3416.jpg\",\"width\":800,\"height\":800,\"caption\":\"Coupe avec plaque grav\u00e9e\"},{\"@type\":\"BreadcrumbList\",\"@id\":\"https:\/\/www.fortuna-gravuren.ch\/fr\/product\/coupe-de-football-art-n-m3416\/#breadcrumb\",\"itemListElement\":[{\"@type\":\"ListItem\",\"position\":1,\"name\":\"Accueil\",\"item\":\"https:\/\/www.fortuna-gravuren.ch\/fr\/\"},{\"@type\":\"ListItem\",\"position\":2,\"name\":\"Boutique\",\"item\":\"https:\/\/www.fortuna-gravuren.ch\/fr\/boutique\/\"},{\"@type\":\"ListItem\",\"position\":3,\"name\":\"Coupe de football Art.n\u00b0 M3416\"}]},{\"@type\":\"WebSite\",\"@id\":\"https:\/\/www.fortuna-gravuren.ch\/fr\/#website\",\"url\":\"https:\/\/www.fortuna-gravuren.ch\/fr\/\",\"name\":\"Fortuna Gravuren\",\"description\":\"\",\"publisher\":{\"@id\":\"https:\/\/www.fortuna-gravuren.ch\/fr\/#organization\"},\"potentialAction\":[{\"@type\":\"SearchAction\",\"target\":{\"@type\":\"EntryPoint\",\"urlTemplate\":\"https:\/\/www.fortuna-gravuren.ch\/fr\/?s={search_term_string}\"},\"query-input\":{\"@type\":\"PropertyValueSpecification\",\"valueRequired\":true,\"valueName\":\"search_term_string\"}}],\"inLanguage\":\"fr-FR\"},{\"@type\":\"Organization\",\"@id\":\"https:\/\/www.fortuna-gravuren.ch\/fr\/#organization\",\"name\":\"Fortuna Gravuren\",\"url\":\"https:\/\/www.fortuna-gravuren.ch\/fr\/\",\"logo\":{\"@type\":\"ImageObject\",\"inLanguage\":\"fr-FR\",\"@id\":\"https:\/\/www.fortuna-gravuren.ch\/fr\/#\/schema\/logo\/image\/\",\"url\":\"https:\/\/www.fortuna-gravuren.ch\/wp-content\/uploads\/2026\/02\/cropped-320_131_Fortuna.png\",\"contentUrl\":\"https:\/\/www.fortuna-gravuren.ch\/wp-content\/uploads\/2026\/02\/cropped-320_131_Fortuna.png\",\"width\":320,\"height\":132,\"caption\":\"Fortuna Gravuren\"},\"image\":{\"@id\":\"https:\/\/www.fortuna-gravuren.ch\/fr\/#\/schema\/logo\/image\/\"}}]}<\/script>\n<!-- \/ Yoast SEO plugin. -->","yoast_head_json":{"title":"Coupe de football. Un ballon de foot port\u00e9 \u00e0 bout de bras.","description":"Achetez chez Fortuna Gravuren cette coupe de football pour des r\u00e9compenses, des \u00e9v\u00e9nements sportifs ou des tournois \u00e0 un prix unique. Avec plaque de gravure en bronze.","robots":{"index":"index","follow":"follow","max-snippet":"max-snippet:-1","max-image-preview":"max-image-preview:large","max-video-preview":"max-video-preview:-1"},"canonical":"https:\/\/www.fortuna-gravuren.ch\/fr\/product\/coupe-de-football-art-n-m3416\/","og_locale":"fr_FR","og_type":"article","og_title":"Coupe de football. Un ballon de foot port\u00e9 \u00e0 bout de bras.","og_description":"Achetez chez Fortuna Gravuren cette coupe de football pour des r\u00e9compenses, des \u00e9v\u00e9nements sportifs ou des tournois \u00e0 un prix unique. Avec plaque de gravure en bronze.","og_url":"https:\/\/www.fortuna-gravuren.ch\/fr\/product\/coupe-de-football-art-n-m3416\/","og_site_name":"Fortuna Gravuren","article_modified_time":"2025-09-25T12:38:42+00:00","og_image":[{"width":800,"height":800,"url":"https:\/\/www.fortuna-gravuren.ch\/wp-content\/uploads\/2019\/09\/M3416.jpg","type":"image\/jpeg"}],"twitter_card":"summary_large_image","twitter_misc":{"Dur\u00e9e de lecture estim\u00e9e":"1 minute"},"schema":{"@context":"https:\/\/schema.org","@graph":[{"@type":"WebPage","@id":"https:\/\/www.fortuna-gravuren.ch\/fr\/product\/coupe-de-football-art-n-m3416\/","url":"https:\/\/www.fortuna-gravuren.ch\/fr\/product\/coupe-de-football-art-n-m3416\/","name":"Coupe de football. Un ballon de foot port\u00e9 \u00e0 bout de bras.","isPartOf":{"@id":"https:\/\/www.fortuna-gravuren.ch\/fr\/#website"},"primaryImageOfPage":{"@id":"https:\/\/www.fortuna-gravuren.ch\/fr\/product\/coupe-de-football-art-n-m3416\/#primaryimage"},"image":{"@id":"https:\/\/www.fortuna-gravuren.ch\/fr\/product\/coupe-de-football-art-n-m3416\/#primaryimage"},"thumbnailUrl":"https:\/\/www.fortuna-gravuren.ch\/wp-content\/uploads\/2019\/09\/M3416.jpg","datePublished":"2019-10-09T07:02:26+00:00","dateModified":"2025-09-25T12:38:42+00:00","description":"Achetez chez Fortuna Gravuren cette coupe de football pour des r\u00e9compenses, des \u00e9v\u00e9nements sportifs ou des tournois \u00e0 un prix unique. Avec plaque de gravure en bronze.","breadcrumb":{"@id":"https:\/\/www.fortuna-gravuren.ch\/fr\/product\/coupe-de-football-art-n-m3416\/#breadcrumb"},"inLanguage":"fr-FR","potentialAction":[{"@type":"ReadAction","target":["https:\/\/www.fortuna-gravuren.ch\/fr\/product\/coupe-de-football-art-n-m3416\/"]}]},{"@type":"ImageObject","inLanguage":"fr-FR","@id":"https:\/\/www.fortuna-gravuren.ch\/fr\/product\/coupe-de-football-art-n-m3416\/#primaryimage","url":"https:\/\/www.fortuna-gravuren.ch\/wp-content\/uploads\/2019\/09\/M3416.jpg","contentUrl":"https:\/\/www.fortuna-gravuren.ch\/wp-content\/uploads\/2019\/09\/M3416.jpg","width":800,"height":800,"caption":"Coupe avec plaque grav\u00e9e"},{"@type":"BreadcrumbList","@id":"https:\/\/www.fortuna-gravuren.ch\/fr\/product\/coupe-de-football-art-n-m3416\/#breadcrumb","itemListElement":[{"@type":"ListItem","position":1,"name":"Accueil","item":"https:\/\/www.fortuna-gravuren.ch\/fr\/"},{"@type":"ListItem","position":2,"name":"Boutique","item":"https:\/\/www.fortuna-gravuren.ch\/fr\/boutique\/"},{"@type":"ListItem","position":3,"name":"Coupe de football Art.n\u00b0 M3416"}]},{"@type":"WebSite","@id":"https:\/\/www.fortuna-gravuren.ch\/fr\/#website","url":"https:\/\/www.fortuna-gravuren.ch\/fr\/","name":"Fortuna Gravuren","description":"","publisher":{"@id":"https:\/\/www.fortuna-gravuren.ch\/fr\/#organization"},"potentialAction":[{"@type":"SearchAction","target":{"@type":"EntryPoint","urlTemplate":"https:\/\/www.fortuna-gravuren.ch\/fr\/?s={search_term_string}"},"query-input":{"@type":"PropertyValueSpecification","valueRequired":true,"valueName":"search_term_string"}}],"inLanguage":"fr-FR"},{"@type":"Organization","@id":"https:\/\/www.fortuna-gravuren.ch\/fr\/#organization","name":"Fortuna Gravuren","url":"https:\/\/www.fortuna-gravuren.ch\/fr\/","logo":{"@type":"ImageObject","inLanguage":"fr-FR","@id":"https:\/\/www.fortuna-gravuren.ch\/fr\/#\/schema\/logo\/image\/","url":"https:\/\/www.fortuna-gravuren.ch\/wp-content\/uploads\/2026\/02\/cropped-320_131_Fortuna.png","contentUrl":"https:\/\/www.fortuna-gravuren.ch\/wp-content\/uploads\/2026\/02\/cropped-320_131_Fortuna.png","width":320,"height":132,"caption":"Fortuna Gravuren"},"image":{"@id":"https:\/\/www.fortuna-gravuren.ch\/fr\/#\/schema\/logo\/image\/"}}]}},"_links":{"self":[{"href":"https:\/\/www.fortuna-gravuren.ch\/fr\/wp-json\/wp\/v2\/product\/14575","targetHints":{"allow":["GET"]}}],"collection":[{"href":"https:\/\/www.fortuna-gravuren.ch\/fr\/wp-json\/wp\/v2\/product"}],"about":[{"href":"https:\/\/www.fortuna-gravuren.ch\/fr\/wp-json\/wp\/v2\/types\/product"}],"wp:featuredmedia":[{"embeddable":true,"href":"https:\/\/www.fortuna-gravuren.ch\/fr\/wp-json\/wp\/v2\/media\/3045"}],"wp:attachment":[{"href":"https:\/\/www.fortuna-gravuren.ch\/fr\/wp-json\/wp\/v2\/media?parent=14575"}],"wp:term":[{"taxonomy":"product_brand","embeddable":true,"href":"https:\/\/www.fortuna-gravuren.ch\/fr\/wp-json\/wp\/v2\/product_brand?post=14575"},{"taxonomy":"product_cat","embeddable":true,"href":"https:\/\/www.fortuna-gravuren.ch\/fr\/wp-json\/wp\/v2\/product_cat?post=14575"},{"taxonomy":"product_tag","embeddable":true,"href":"https:\/\/www.fortuna-gravuren.ch\/fr\/wp-json\/wp\/v2\/product_tag?post=14575"}],"curies":[{"name":"wp","href":"https:\/\/api.w.org\/{rel}","templated":true}]}}