{"id":14113,"date":"2019-03-01T08:36:41","date_gmt":"2019-03-01T07:36:41","guid":{"rendered":"https:\/\/www.fortuna-gravuren.ch\/mentions-legales\/"},"modified":"2019-03-01T08:36:41","modified_gmt":"2019-03-01T07:36:41","slug":"mentions-legales","status":"publish","type":"page","link":"https:\/\/www.fortuna-gravuren.ch\/fr\/mentions-legales\/","title":{"rendered":"Mentions l\u00e9gales"},"content":{"rendered":"<blockquote><p>Ceci est un site web de la soci\u00e9t\u00e9 S&amp;E Fortuna Gravuren AG, une entreprise du groupe S&amp;E.<\/p><\/blockquote>\n<h3>Contenu de ce site web<\/h3>\n<p>Le contenu de ce site web est pr\u00e9par\u00e9 et mis \u00e0 disposition en toute bonne foi. Aucune pr\u00e9tention \u00e0 l&rsquo;exhaustivit\u00e9 des informations n&rsquo;est revendiqu\u00e9e. L&rsquo;exploitant du site web n&rsquo;est en aucun cas responsable des erreurs ou inexactitudes de quelque nature que ce soit r\u00e9sultant de l&rsquo;utilisation de ces informations, des attentes plac\u00e9es dans ces informations ou de toute autre information connexe.  <\/p>\n<h3>R\u00e9daction de ce site web<\/h3>\n<p>Les droits d&rsquo;auteur pour les textes et les images figurant sur ce site web appartiennent \u00e0 Fortuna Gravuren.<\/p>\n<h3>conception<\/h3>\n<p>S&amp;E Fortuna Gravuren AG<br \/>\nFeldackerstrasse 2<br \/>\nCH-5040 Sch\u00f6ftland<\/p>\n<p>Tel. +41 62 721 68 58<br \/>\nEmail: <a href=\"mailto:info@fortuna-gravuren.ch\">info@fortuna-gravuren.ch<\/a> <\/p>\n<p>Une entreprise du groupe S&amp;E.<br \/>\nLes autres sites web du groupe sont les suivants <a href=\"https:\/\/www.trophies.ch\">www.trophies.ch<\/a> et <a href=\"http:\/\/www.somexsa.ch\">www.somexsa.ch<\/a>.<\/p>\n","protected":false},"excerpt":{"rendered":"<p>Ceci est un site web de la soci\u00e9t\u00e9 S&amp;E Fortuna Gravuren AG, une entreprise du groupe S&amp;E. Contenu de ce site web Le contenu de ce site web est pr\u00e9par\u00e9 et mis \u00e0 disposition en toute bonne foi. Aucune pr\u00e9tention \u00e0 l&rsquo;exhaustivit\u00e9 des informations n&rsquo;est revendiqu\u00e9e. L&rsquo;exploitant du site web n&rsquo;est en aucun cas responsable [&hellip;]<\/p>\n","protected":false},"author":3,"featured_media":0,"parent":0,"menu_order":0,"comment_status":"closed","ping_status":"closed","template":"","meta":{"_acf_changed":false,"_genesis_hide_title":false,"_genesis_hide_breadcrumbs":false,"_genesis_hide_singular_image":false,"_genesis_hide_footer_widgets":false,"_genesis_custom_body_class":"","_genesis_custom_post_class":"","_genesis_layout":"","footnotes":""},"class_list":{"0":"post-14113","1":"page","2":"type-page","3":"status-publish","5":"entry"},"acf":[],"yoast_head":"<!-- This site is optimized with the Yoast SEO plugin v26.9 - https:\/\/yoast.com\/product\/yoast-seo-wordpress\/ -->\n<title>Fortuna Gravures Plaques \u00c9tain Coupes M\u00e9dailles Troph\u00e9es sportifs<\/title>\n<meta name=\"description\" content=\"Achetez chez Fortuna Gravuren des plaques grav\u00e9es, des coupes grav\u00e9es, des gobelets en \u00e9tain grav\u00e9s, des troph\u00e9es sportifs et des prix d&#039;honneur grav\u00e9s.\" \/>\n<meta name=\"robots\" content=\"index, follow, max-snippet:-1, max-image-preview:large, max-video-preview:-1\" \/>\n<link rel=\"canonical\" href=\"https:\/\/www.fortuna-gravuren.ch\/fr\/mentions-legales\/\" \/>\n<meta property=\"og:locale\" content=\"fr_FR\" \/>\n<meta property=\"og:type\" content=\"article\" \/>\n<meta property=\"og:title\" content=\"Fortuna Gravures Plaques \u00c9tain Coupes M\u00e9dailles Troph\u00e9es sportifs\" \/>\n<meta property=\"og:description\" content=\"Achetez chez Fortuna Gravuren des plaques grav\u00e9es, des coupes grav\u00e9es, des gobelets en \u00e9tain grav\u00e9s, des troph\u00e9es sportifs et des prix d&#039;honneur grav\u00e9s.\" \/>\n<meta property=\"og:url\" content=\"https:\/\/www.fortuna-gravuren.ch\/fr\/mentions-legales\/\" \/>\n<meta property=\"og:site_name\" content=\"Fortuna Gravuren\" \/>\n<meta name=\"twitter:card\" content=\"summary_large_image\" \/>\n<meta name=\"twitter:label1\" content=\"Dur\u00e9e de lecture estim\u00e9e\" \/>\n\t<meta name=\"twitter:data1\" content=\"1 minute\" \/>\n<script type=\"application\/ld+json\" class=\"yoast-schema-graph\">{\"@context\":\"https:\/\/schema.org\",\"@graph\":[{\"@type\":\"WebPage\",\"@id\":\"https:\/\/www.fortuna-gravuren.ch\/fr\/mentions-legales\/\",\"url\":\"https:\/\/www.fortuna-gravuren.ch\/fr\/mentions-legales\/\",\"name\":\"Fortuna Gravures Plaques \u00c9tain Coupes M\u00e9dailles Troph\u00e9es sportifs\",\"isPartOf\":{\"@id\":\"https:\/\/www.fortuna-gravuren.ch\/fr\/#website\"},\"datePublished\":\"2019-03-01T07:36:41+00:00\",\"description\":\"Achetez chez Fortuna Gravuren des plaques grav\u00e9es, des coupes grav\u00e9es, des gobelets en \u00e9tain grav\u00e9s, des troph\u00e9es sportifs et des prix d'honneur grav\u00e9s.\",\"breadcrumb\":{\"@id\":\"https:\/\/www.fortuna-gravuren.ch\/fr\/mentions-legales\/#breadcrumb\"},\"inLanguage\":\"fr-FR\",\"potentialAction\":[{\"@type\":\"ReadAction\",\"target\":[\"https:\/\/www.fortuna-gravuren.ch\/fr\/mentions-legales\/\"]}]},{\"@type\":\"BreadcrumbList\",\"@id\":\"https:\/\/www.fortuna-gravuren.ch\/fr\/mentions-legales\/#breadcrumb\",\"itemListElement\":[{\"@type\":\"ListItem\",\"position\":1,\"name\":\"Accueil\",\"item\":\"https:\/\/www.fortuna-gravuren.ch\/fr\/\"},{\"@type\":\"ListItem\",\"position\":2,\"name\":\"Mentions l\u00e9gales\"}]},{\"@type\":\"WebSite\",\"@id\":\"https:\/\/www.fortuna-gravuren.ch\/fr\/#website\",\"url\":\"https:\/\/www.fortuna-gravuren.ch\/fr\/\",\"name\":\"Fortuna Gravuren\",\"description\":\"\",\"publisher\":{\"@id\":\"https:\/\/www.fortuna-gravuren.ch\/fr\/#organization\"},\"potentialAction\":[{\"@type\":\"SearchAction\",\"target\":{\"@type\":\"EntryPoint\",\"urlTemplate\":\"https:\/\/www.fortuna-gravuren.ch\/fr\/?s={search_term_string}\"},\"query-input\":{\"@type\":\"PropertyValueSpecification\",\"valueRequired\":true,\"valueName\":\"search_term_string\"}}],\"inLanguage\":\"fr-FR\"},{\"@type\":\"Organization\",\"@id\":\"https:\/\/www.fortuna-gravuren.ch\/fr\/#organization\",\"name\":\"Fortuna Gravuren\",\"url\":\"https:\/\/www.fortuna-gravuren.ch\/fr\/\",\"logo\":{\"@type\":\"ImageObject\",\"inLanguage\":\"fr-FR\",\"@id\":\"https:\/\/www.fortuna-gravuren.ch\/fr\/#\/schema\/logo\/image\/\",\"url\":\"https:\/\/www.fortuna-gravuren.ch\/wp-content\/uploads\/2026\/02\/cropped-320_131_Fortuna.png\",\"contentUrl\":\"https:\/\/www.fortuna-gravuren.ch\/wp-content\/uploads\/2026\/02\/cropped-320_131_Fortuna.png\",\"width\":320,\"height\":132,\"caption\":\"Fortuna Gravuren\"},\"image\":{\"@id\":\"https:\/\/www.fortuna-gravuren.ch\/fr\/#\/schema\/logo\/image\/\"}}]}<\/script>\n<!-- \/ Yoast SEO plugin. -->","yoast_head_json":{"title":"Fortuna Gravures Plaques \u00c9tain Coupes M\u00e9dailles Troph\u00e9es sportifs","description":"Achetez chez Fortuna Gravuren des plaques grav\u00e9es, des coupes grav\u00e9es, des gobelets en \u00e9tain grav\u00e9s, des troph\u00e9es sportifs et des prix d'honneur grav\u00e9s.","robots":{"index":"index","follow":"follow","max-snippet":"max-snippet:-1","max-image-preview":"max-image-preview:large","max-video-preview":"max-video-preview:-1"},"canonical":"https:\/\/www.fortuna-gravuren.ch\/fr\/mentions-legales\/","og_locale":"fr_FR","og_type":"article","og_title":"Fortuna Gravures Plaques \u00c9tain Coupes M\u00e9dailles Troph\u00e9es sportifs","og_description":"Achetez chez Fortuna Gravuren des plaques grav\u00e9es, des coupes grav\u00e9es, des gobelets en \u00e9tain grav\u00e9s, des troph\u00e9es sportifs et des prix d'honneur grav\u00e9s.","og_url":"https:\/\/www.fortuna-gravuren.ch\/fr\/mentions-legales\/","og_site_name":"Fortuna Gravuren","twitter_card":"summary_large_image","twitter_misc":{"Dur\u00e9e de lecture estim\u00e9e":"1 minute"},"schema":{"@context":"https:\/\/schema.org","@graph":[{"@type":"WebPage","@id":"https:\/\/www.fortuna-gravuren.ch\/fr\/mentions-legales\/","url":"https:\/\/www.fortuna-gravuren.ch\/fr\/mentions-legales\/","name":"Fortuna Gravures Plaques \u00c9tain Coupes M\u00e9dailles Troph\u00e9es sportifs","isPartOf":{"@id":"https:\/\/www.fortuna-gravuren.ch\/fr\/#website"},"datePublished":"2019-03-01T07:36:41+00:00","description":"Achetez chez Fortuna Gravuren des plaques grav\u00e9es, des coupes grav\u00e9es, des gobelets en \u00e9tain grav\u00e9s, des troph\u00e9es sportifs et des prix d'honneur grav\u00e9s.","breadcrumb":{"@id":"https:\/\/www.fortuna-gravuren.ch\/fr\/mentions-legales\/#breadcrumb"},"inLanguage":"fr-FR","potentialAction":[{"@type":"ReadAction","target":["https:\/\/www.fortuna-gravuren.ch\/fr\/mentions-legales\/"]}]},{"@type":"BreadcrumbList","@id":"https:\/\/www.fortuna-gravuren.ch\/fr\/mentions-legales\/#breadcrumb","itemListElement":[{"@type":"ListItem","position":1,"name":"Accueil","item":"https:\/\/www.fortuna-gravuren.ch\/fr\/"},{"@type":"ListItem","position":2,"name":"Mentions l\u00e9gales"}]},{"@type":"WebSite","@id":"https:\/\/www.fortuna-gravuren.ch\/fr\/#website","url":"https:\/\/www.fortuna-gravuren.ch\/fr\/","name":"Fortuna Gravuren","description":"","publisher":{"@id":"https:\/\/www.fortuna-gravuren.ch\/fr\/#organization"},"potentialAction":[{"@type":"SearchAction","target":{"@type":"EntryPoint","urlTemplate":"https:\/\/www.fortuna-gravuren.ch\/fr\/?s={search_term_string}"},"query-input":{"@type":"PropertyValueSpecification","valueRequired":true,"valueName":"search_term_string"}}],"inLanguage":"fr-FR"},{"@type":"Organization","@id":"https:\/\/www.fortuna-gravuren.ch\/fr\/#organization","name":"Fortuna Gravuren","url":"https:\/\/www.fortuna-gravuren.ch\/fr\/","logo":{"@type":"ImageObject","inLanguage":"fr-FR","@id":"https:\/\/www.fortuna-gravuren.ch\/fr\/#\/schema\/logo\/image\/","url":"https:\/\/www.fortuna-gravuren.ch\/wp-content\/uploads\/2026\/02\/cropped-320_131_Fortuna.png","contentUrl":"https:\/\/www.fortuna-gravuren.ch\/wp-content\/uploads\/2026\/02\/cropped-320_131_Fortuna.png","width":320,"height":132,"caption":"Fortuna Gravuren"},"image":{"@id":"https:\/\/www.fortuna-gravuren.ch\/fr\/#\/schema\/logo\/image\/"}}]}},"_links":{"self":[{"href":"https:\/\/www.fortuna-gravuren.ch\/fr\/wp-json\/wp\/v2\/pages\/14113","targetHints":{"allow":["GET"]}}],"collection":[{"href":"https:\/\/www.fortuna-gravuren.ch\/fr\/wp-json\/wp\/v2\/pages"}],"about":[{"href":"https:\/\/www.fortuna-gravuren.ch\/fr\/wp-json\/wp\/v2\/types\/page"}],"author":[{"embeddable":true,"href":"https:\/\/www.fortuna-gravuren.ch\/fr\/wp-json\/wp\/v2\/users\/3"}],"replies":[{"embeddable":true,"href":"https:\/\/www.fortuna-gravuren.ch\/fr\/wp-json\/wp\/v2\/comments?post=14113"}],"version-history":[{"count":0,"href":"https:\/\/www.fortuna-gravuren.ch\/fr\/wp-json\/wp\/v2\/pages\/14113\/revisions"}],"wp:attachment":[{"href":"https:\/\/www.fortuna-gravuren.ch\/fr\/wp-json\/wp\/v2\/media?parent=14113"}],"curies":[{"name":"wp","href":"https:\/\/api.w.org\/{rel}","templated":true}]}}