{"id":14109,"date":"2019-03-01T08:36:08","date_gmt":"2019-03-01T07:36:08","guid":{"rendered":"https:\/\/www.fortuna-gravuren.ch\/protection-des-donnees\/"},"modified":"2019-03-01T08:36:08","modified_gmt":"2019-03-01T07:36:08","slug":"protection-des-donnees","status":"publish","type":"page","link":"https:\/\/www.fortuna-gravuren.ch\/fr\/protection-des-donnees\/","title":{"rendered":"Protection des donn\u00e9es"},"content":{"rendered":"<p>Vous trouverez ici des informations sur la protection de vos donn\u00e9es personnelles.<\/p>\n<h3>1. Champ d&rsquo;application<\/h3>\n<p>La pr\u00e9sente d\u00e9claration de confidentialit\u00e9 informe les utilisateurs sur la nature et l&rsquo;utilisation des donn\u00e9es \u00e0 caract\u00e8re personnel par le fournisseur responsable S&amp;E Fortuna Gravuren AG, Feldackerstrasse 2, CH-5040 Sch\u00f6ftland, info@fortuna-gravuren.ch, sur ce site web.<\/p>\n<p>Les bases juridiques de la protection des donn\u00e9es se trouvent dans la loi f\u00e9d\u00e9rale sur la protection des donn\u00e9es et la loi sur les t\u00e9l\u00e9m\u00e9dias.<\/p>\n<h3>2. R\u00e9vocation, modifications, corrections et mises \u00e0 jour<\/h3>\n<p>L&rsquo;utilisateur a le droit, sur demande, d&rsquo;obtenir gratuitement des informations sur les donn\u00e9es personnelles qui ont \u00e9t\u00e9 enregistr\u00e9es \u00e0 son sujet. En outre, l&rsquo;utilisateur a le droit de faire rectifier les donn\u00e9es incorrectes, de bloquer et de supprimer ses donn\u00e9es personnelles, dans la mesure o\u00f9 cela ne contrevient pas \u00e0 une obligation l\u00e9gale de conservation (info@fortuna-gravuren.ch). <\/p>\n<h3>3. Donn\u00e9es d&rsquo;acc\u00e8s\/fichiers journaux du serveur<\/h3>\n<p>Le fournisseur d&rsquo;espace web collecte des donn\u00e9es sur chaque acc\u00e8s \u00e0 l&rsquo;offre (fichiers journaux du serveur). Les donn\u00e9es d&rsquo;acc\u00e8s comprennent : <\/p>\n<p>Nom du site web consult\u00e9, fichier, date et heure de la consultation, volume de donn\u00e9es transf\u00e9r\u00e9es, notification de consultation r\u00e9ussie, type et version du navigateur, syst\u00e8me d&rsquo;exploitation de l&rsquo;utilisateur, URL de r\u00e9f\u00e9rence (page consult\u00e9e pr\u00e9c\u00e9demment), adresse IP et fournisseur d&rsquo;acc\u00e8s demandeur.<\/p>\n<p>Le fournisseur utilise les donn\u00e9es du journal uniquement \u00e0 des fins d&rsquo;\u00e9valuations statistiques pour le fonctionnement, la s\u00e9curit\u00e9 et l&rsquo;optimisation de l&rsquo;offre. Le fournisseur se r\u00e9serve toutefois le droit de v\u00e9rifier a posteriori les donn\u00e9es du journal s&rsquo;il existe des indices concrets laissant supposer une utilisation ill\u00e9gale. <\/p>\n<h3>4. Prise de contact<\/h3>\n<p>Lorsque vous contactez la soci\u00e9t\u00e9 S&amp;E Fortuna Gravuren AG (par exemple via le formulaire de contact ou par e-mail), les informations fournies par l&rsquo;utilisateur sont enregistr\u00e9es afin de traiter la demande et en cas de questions compl\u00e9mentaires.<\/p>\n<h3>5. Commentaires et contributions<\/h3>\n<p>Lorsque les utilisateurs laissent des commentaires, leurs adresses IP sont enregistr\u00e9es. Cela est fait pour la s\u00e9curit\u00e9 du fournisseur, au cas o\u00f9 quelqu&rsquo;un \u00e9crirait des contenus ill\u00e9gaux dans les commentaires et les contributions (insultes, propagande politique interdite, etc.). Dans ce cas, le fournisseur peut lui-m\u00eame \u00eatre poursuivi pour le commentaire ou la contribution et est donc int\u00e9ress\u00e9 par l&rsquo;identit\u00e9 de l&rsquo;auteur.  <\/p>\n<h3>6. Newsletter<\/h3>\n<p>La newsletter vous informe \u00e0 intervalles irr\u00e9guliers des nouveaut\u00e9s au sein de notre entreprise.<\/p>\n<p>Si vous souhaitez recevoir la newsletter, nous avons besoin d&rsquo;une adresse e-mail valide ainsi que d&rsquo;informations nous permettant de v\u00e9rifier que vous \u00eates bien le propri\u00e9taire de l&rsquo;adresse e-mail indiqu\u00e9e ou que son propri\u00e9taire accepte de recevoir la newsletter. Aucune autre donn\u00e9e n&rsquo;est collect\u00e9e. Ces donn\u00e9es sont utilis\u00e9es uniquement pour l&rsquo;envoi de la newsletter et ne sont pas transmises \u00e0 des tiers.  <\/p>\n<p>Lorsque vous vous inscrivez \u00e0 la newsletter, nous enregistrons votre adresse IP et la date d&rsquo;inscription. Cet enregistrement sert uniquement \u00e0 fournir une preuve dans le cas o\u00f9 un tiers utiliserait abusivement une adresse e-mail et s&rsquo;inscrirait \u00e0 la newsletter \u00e0 l&rsquo;insu de la personne autoris\u00e9e. <\/p>\n<p>Vous pouvez \u00e0 tout moment r\u00e9voquer votre consentement \u00e0 l&rsquo;enregistrement des donn\u00e9es, de l&rsquo;adresse e-mail et \u00e0 leur utilisation pour l&rsquo;envoi de la newsletter. La r\u00e9vocation peut \u00eatre effectu\u00e9e via un lien dans la newsletter elle-m\u00eame, dans votre espace profil ou par notification aux coordonn\u00e9es indiqu\u00e9es ci-dessus. <\/p>\n<h3>7. Int\u00e9gration de services et d&rsquo;outils tiers<\/h3>\n<p>Il peut arriver que des contenus tiers, tels que des vid\u00e9os YouTube, des cartes Google Maps, des flux RSS ou des graphiques provenant d&rsquo;autres sites web, soient int\u00e9gr\u00e9s \u00e0 cette offre en ligne. Cela suppose toujours que les fournisseurs de ces contenus prennent connaissance de l&rsquo;adresse IP des utilisateurs. En effet, sans l&rsquo;adresse IP, ils ne pourraient pas envoyer les contenus au navigateur de l&rsquo;utilisateur concern\u00e9. L&rsquo;adresse IP est donc n\u00e9cessaire \u00e0 l&rsquo;affichage de ces contenus. Nous nous effor\u00e7ons de n&rsquo;utiliser que des contenus dont les fournisseurs respectifs utilisent l&rsquo;adresse IP uniquement pour la livraison des contenus. Cependant, nous n&rsquo;avons aucune influence sur le fait que les fournisseurs tiers enregistrent l&rsquo;adresse IP \u00e0 des fins statistiques, par exemple. Dans la mesure o\u00f9 nous en avons connaissance, nous en informons les utilisateurs.      <\/p>\n<h3>8. Cookies<\/h3>\n<p>Nous utilisons des cookies sur notre site Web. Les cookies sont utilis\u00e9s par des services d&rsquo;analyse Web tels que Google Analytics pour identifier les visiteurs. <\/p>\n<p>L&rsquo;enregistrement des cookies peut \u00eatre emp\u00each\u00e9 par un param\u00e9trage dans le navigateur. Dans ce cas, il est possible que vous ne puissiez pas utiliser toutes les fonctionnalit\u00e9s de ce site web dans leur int\u00e9gralit\u00e9. <\/p>\n<p><a class=\"exclude_from_ga\" href=\"http:\/\/www.fortuna-gravuren.ch\/datenschutz\/\">Cliquez ici pour \u00eatre exclu du suivi du site web via Google Tag Manager (tant que le cookie n&rsquo;est pas supprim\u00e9 de votre navigateur).<\/a><\/p>\n<h3>9. Communication par e-mail<\/h3>\n<p>Les \u00e9changes d&rsquo;e-mails non crypt\u00e9s comportent des risques. Des personnes non autoris\u00e9es peuvent \u00e9ventuellement consulter, modifier ou supprimer des donn\u00e9es. Si vous communiquez avec nous par e-mail, vous \u00eates conscient de ces risques et acceptez que la soci\u00e9t\u00e9 Fortuna Gravuren utilise \u00e9galement ce mode de communication (non crypt\u00e9).  <\/p>\n<h3>10. Google Analytics<\/h3>\n<p>Ce site Web utilise Google Analytics, un service d&rsquo;analyse Web fourni par Google Inc. (\u00ab Google \u00bb). Google Analytics utilise des \u00ab cookies \u00bb, qui sont des fichiers texte plac\u00e9s sur votre ordinateur, pour aider le site Web \u00e0 analyser l&rsquo;utilisation du site par ses utilisateurs. Les informations g\u00e9n\u00e9r\u00e9es par les cookies concernant votre utilisation du site Web sont g\u00e9n\u00e9ralement transmises et stock\u00e9es par Google sur des serveurs situ\u00e9s aux \u00c9tats-Unis.   <\/p>\n<p>Si l&rsquo;anonymisation de l&rsquo;adresse IP est activ\u00e9e sur ce site Web, votre adresse IP sera toutefois pr\u00e9alablement raccourcie par Google dans les \u00c9tats membres de l&rsquo;Union europ\u00e9enne ou dans d&rsquo;autres \u00c9tats signataires de l&rsquo;accord sur l&rsquo;Espace \u00e9conomique europ\u00e9en. Ce n&rsquo;est que dans des cas exceptionnels que l&rsquo;adresse IP compl\u00e8te sera transmise \u00e0 un serveur de Google aux \u00c9tats-Unis et y sera raccourcie. L&rsquo;anonymisation de l&rsquo;adresse IP \u00ab anonymizeIP \u00bb est active sur ce site Web. Au nom de l&rsquo;exploitant de ce site Web, Google utilisera ces informations pour \u00e9valuer votre utilisation du site Web, pour \u00e9tablir des rapports sur les activit\u00e9s du site Web et pour fournir \u00e0 l&rsquo;exploitant du site Web d&rsquo;autres services li\u00e9s \u00e0 l&rsquo;utilisation du site Web et d&rsquo;Internet.   <\/p>\n<p>L&rsquo;adresse IP transmise par votre navigateur dans le cadre de Google Analytics n&rsquo;est pas combin\u00e9e avec d&rsquo;autres donn\u00e9es de Google. Vous pouvez refuser l&rsquo;utilisation de cookies en s\u00e9lectionnant les param\u00e8tres appropri\u00e9s de votre navigateur, mais veuillez noter que si vous le faites, vous ne pourrez peut-\u00eatre pas utiliser toutes les fonctionnalit\u00e9s de ce site web. Vous pouvez \u00e9galement emp\u00eacher la collecte des donn\u00e9es g\u00e9n\u00e9r\u00e9es par le cookie et li\u00e9es \u00e0 votre utilisation du site web (y compris votre adresse IP) par Google, ainsi que le traitement de ces donn\u00e9es par Google, en t\u00e9l\u00e9chargeant et en installant le plugin de navigateur disponible sous le lien suivant : http:\/\/tools.google.com\/dlpage\/gaoptout?hl=de.  <\/p>\n<h3>11. Reciblage Google<\/h3>\n<p>Ce site Web utilise la technologie de reciblage sur Internet. Celle-ci permet de cibler, sur les sites Web de nos partenaires, les internautes qui ont d\u00e9j\u00e0 manifest\u00e9 leur int\u00e9r\u00eat pour nos produits. Dans le cadre du reciblage, les publicit\u00e9s sont affich\u00e9es sur la base d&rsquo;une analyse du comportement ant\u00e9rieur des utilisateurs \u00e0 l&rsquo;aide de cookies. Bien entendu, aucune donn\u00e9e personnelle n&rsquo;est enregistr\u00e9e et la technologie de reciblage est utilis\u00e9e dans le respect des dispositions l\u00e9gales en vigueur en mati\u00e8re de protection des donn\u00e9es.   <\/p>\n<p>Nous collaborons avec Google, une entreprise sp\u00e9cialis\u00e9e dans la technologie de reciblage. Sur ce site web, les technologies de reciblage de Google (ci-apr\u00e8s d\u00e9nomm\u00e9 \u00ab fournisseur \u00bb) collectent des informations anonymis\u00e9es sur le comportement de navigation des visiteurs du site web \u00e0 des fins publicitaires et les enregistrent dans des fichiers texte \u00ab cookies \u00bb sur votre ordinateur. Le fournisseur analyse le comportement de navigation \u00e0 l&rsquo;aide d&rsquo;un algorithme. Des recommandations de produits cibl\u00e9es peuvent ensuite \u00eatre affich\u00e9es sous forme de banni\u00e8res publicitaires personnalis\u00e9es susceptibles de vous int\u00e9resser sur d&rsquo;autres sites web. Ces donn\u00e9es ne peuvent en aucun cas \u00eatre utilis\u00e9es pour identifier personnellement les visiteurs de ce site web.    <\/p>\n<p>Si vous ne souhaitez toutefois plus voir s&rsquo;afficher les banni\u00e8res publicitaires personnalis\u00e9es de Fortuna Gravuren, vous pouvez vous opposer \u00e0 cette collecte et \u00e0 cet enregistrement de donn\u00e9es pour l&rsquo;avenir. En cliquant sur le symbole\/bouton (par ex. \u00ab i \u00bb) affich\u00e9 dans chaque banni\u00e8re publicitaire, vous acc\u00e9dez au site Web correspondant du fournisseur. Vous y trouverez une nouvelle explication du fonctionnement de la technologie de reciblage et la possibilit\u00e9 de vous d\u00e9sinscrire (\u00ab opt-out \u00bb). Si vous vous d\u00e9sinscrivez aupr\u00e8s du fournisseur, un cookie \u00ab opt-out \u00bb sera enregistr\u00e9 sur votre ordinateur, ce qui emp\u00eachera l&rsquo;affichage des banni\u00e8res publicitaires du fournisseur \u00e0 l&rsquo;avenir. Veuillez noter que cette d\u00e9sinscription ne peut \u00eatre effectu\u00e9e qu&rsquo;\u00e0 partir de votre ordinateur si vous ne souhaitez plus voir s&rsquo;afficher \u00e0 l&rsquo;avenir les banni\u00e8res publicitaires personnalis\u00e9es de Fortuna Gravuren. De plus, les cookies \u00ab opt-out \u00bb correspondants ne doivent pas \u00eatre supprim\u00e9s de votre ordinateur.     <\/p>\n<h3>12. Remarketing\/reciblage Facebook<\/h3>\n<p>Sur son site Internet, S&amp;E Fortuna Gravuren AG utilise des balises de remarketing de Facebook Inc., 1601 S. California Ave, Palo Alto, CA 94304, \u00c9tats-Unis (\u00ab Facebook \u00bb). Lorsque vous visitez notre site Web, les balises de remarketing \u00e9tablissent une connexion directe entre votre navigateur et le serveur Facebook. Facebook re\u00e7oit ainsi l&rsquo;information que vous avez visit\u00e9 notre site web avec votre adresse IP. Cela permet \u00e0 Facebook d&rsquo;associer la visite de notre site web \u00e0 votre compte utilisateur. Nous pouvons utiliser les informations ainsi obtenues pour afficher des publicit\u00e9s Facebook. Nous tenons \u00e0 souligner qu&rsquo;en tant que fournisseur du site web, nous n&rsquo;avons aucune connaissance du contenu des donn\u00e9es transmises ni de leur utilisation par Facebook. Vous trouverez de plus amples informations \u00e0 ce sujet dans la politique de confidentialit\u00e9 de Facebook \u00e0 l&rsquo;adresse https:\/\/www.facebook.com\/about\/privacy\/. Si vous ne souhaitez pas que vos donn\u00e9es soient collect\u00e9es via Custom Audience, vous pouvez d\u00e9sactiver Custom Audiences ici (https:\/\/www.facebook.com\/ads\/website_custom_audiences\/).<\/p>\n","protected":false},"excerpt":{"rendered":"<p>Vous trouverez ici des informations sur la protection de vos donn\u00e9es personnelles. 1. Champ d&rsquo;application La pr\u00e9sente d\u00e9claration de confidentialit\u00e9 informe les utilisateurs sur la nature et l&rsquo;utilisation des donn\u00e9es \u00e0 caract\u00e8re personnel par le fournisseur responsable S&amp;E Fortuna Gravuren AG, Feldackerstrasse 2, CH-5040 Sch\u00f6ftland, info@fortuna-gravuren.ch, sur ce site web. Les bases juridiques de la [&hellip;]<\/p>\n","protected":false},"author":3,"featured_media":0,"parent":0,"menu_order":0,"comment_status":"closed","ping_status":"closed","template":"","meta":{"_acf_changed":false,"_genesis_hide_title":false,"_genesis_hide_breadcrumbs":false,"_genesis_hide_singular_image":false,"_genesis_hide_footer_widgets":false,"_genesis_custom_body_class":"","_genesis_custom_post_class":"","_genesis_layout":"","footnotes":""},"class_list":{"0":"post-14109","1":"page","2":"type-page","3":"status-publish","5":"entry"},"acf":[],"yoast_head":"<!-- This site is optimized with the Yoast SEO plugin v26.9 - https:\/\/yoast.com\/product\/yoast-seo-wordpress\/ -->\n<title>S&amp;E Fortuna Gravuren AG - Fortuna Gravuren<\/title>\n<meta name=\"description\" content=\"Kaufen Sie Personalisierte Geschenke bei FORTUNA Gravuren. Wir gravieren Pokale, Medaillen, Flachm\u00e4nner oder auch Schilder.\" \/>\n<meta name=\"robots\" content=\"index, follow, max-snippet:-1, max-image-preview:large, max-video-preview:-1\" \/>\n<link rel=\"canonical\" href=\"https:\/\/www.fortuna-gravuren.ch\/fr\/protection-des-donnees\/\" \/>\n<meta property=\"og:locale\" content=\"fr_FR\" \/>\n<meta property=\"og:type\" content=\"article\" \/>\n<meta property=\"og:title\" content=\"S&amp;E Fortuna Gravuren AG - Fortuna Gravuren\" \/>\n<meta property=\"og:description\" content=\"Kaufen Sie Personalisierte Geschenke bei FORTUNA Gravuren. Wir gravieren Pokale, Medaillen, Flachm\u00e4nner oder auch Schilder.\" \/>\n<meta property=\"og:url\" content=\"https:\/\/www.fortuna-gravuren.ch\/fr\/protection-des-donnees\/\" \/>\n<meta property=\"og:site_name\" content=\"Fortuna Gravuren\" \/>\n<meta name=\"twitter:card\" content=\"summary_large_image\" \/>\n<meta name=\"twitter:label1\" content=\"Dur\u00e9e de lecture estim\u00e9e\" \/>\n\t<meta name=\"twitter:data1\" content=\"9 minute\" \/>\n<script type=\"application\/ld+json\" class=\"yoast-schema-graph\">{\"@context\":\"https:\/\/schema.org\",\"@graph\":[{\"@type\":\"WebPage\",\"@id\":\"https:\/\/www.fortuna-gravuren.ch\/fr\/protection-des-donnees\/\",\"url\":\"https:\/\/www.fortuna-gravuren.ch\/fr\/protection-des-donnees\/\",\"name\":\"S&E Fortuna Gravuren AG - Fortuna Gravuren\",\"isPartOf\":{\"@id\":\"https:\/\/www.fortuna-gravuren.ch\/fr\/#website\"},\"datePublished\":\"2019-03-01T07:36:08+00:00\",\"description\":\"Kaufen Sie Personalisierte Geschenke bei FORTUNA Gravuren. Wir gravieren Pokale, Medaillen, Flachm\u00e4nner oder auch Schilder.\",\"breadcrumb\":{\"@id\":\"https:\/\/www.fortuna-gravuren.ch\/fr\/protection-des-donnees\/#breadcrumb\"},\"inLanguage\":\"fr-FR\",\"potentialAction\":[{\"@type\":\"ReadAction\",\"target\":[\"https:\/\/www.fortuna-gravuren.ch\/fr\/protection-des-donnees\/\"]}]},{\"@type\":\"BreadcrumbList\",\"@id\":\"https:\/\/www.fortuna-gravuren.ch\/fr\/protection-des-donnees\/#breadcrumb\",\"itemListElement\":[{\"@type\":\"ListItem\",\"position\":1,\"name\":\"Accueil\",\"item\":\"https:\/\/www.fortuna-gravuren.ch\/fr\/\"},{\"@type\":\"ListItem\",\"position\":2,\"name\":\"Protection des donn\u00e9es\"}]},{\"@type\":\"WebSite\",\"@id\":\"https:\/\/www.fortuna-gravuren.ch\/fr\/#website\",\"url\":\"https:\/\/www.fortuna-gravuren.ch\/fr\/\",\"name\":\"Fortuna Gravuren\",\"description\":\"\",\"publisher\":{\"@id\":\"https:\/\/www.fortuna-gravuren.ch\/fr\/#organization\"},\"potentialAction\":[{\"@type\":\"SearchAction\",\"target\":{\"@type\":\"EntryPoint\",\"urlTemplate\":\"https:\/\/www.fortuna-gravuren.ch\/fr\/?s={search_term_string}\"},\"query-input\":{\"@type\":\"PropertyValueSpecification\",\"valueRequired\":true,\"valueName\":\"search_term_string\"}}],\"inLanguage\":\"fr-FR\"},{\"@type\":\"Organization\",\"@id\":\"https:\/\/www.fortuna-gravuren.ch\/fr\/#organization\",\"name\":\"Fortuna Gravuren\",\"url\":\"https:\/\/www.fortuna-gravuren.ch\/fr\/\",\"logo\":{\"@type\":\"ImageObject\",\"inLanguage\":\"fr-FR\",\"@id\":\"https:\/\/www.fortuna-gravuren.ch\/fr\/#\/schema\/logo\/image\/\",\"url\":\"https:\/\/www.fortuna-gravuren.ch\/wp-content\/uploads\/2026\/02\/cropped-320_131_Fortuna.png\",\"contentUrl\":\"https:\/\/www.fortuna-gravuren.ch\/wp-content\/uploads\/2026\/02\/cropped-320_131_Fortuna.png\",\"width\":320,\"height\":132,\"caption\":\"Fortuna Gravuren\"},\"image\":{\"@id\":\"https:\/\/www.fortuna-gravuren.ch\/fr\/#\/schema\/logo\/image\/\"}}]}<\/script>\n<!-- \/ Yoast SEO plugin. -->","yoast_head_json":{"title":"S&E Fortuna Gravuren AG - Fortuna Gravuren","description":"Kaufen Sie Personalisierte Geschenke bei FORTUNA Gravuren. Wir gravieren Pokale, Medaillen, Flachm\u00e4nner oder auch Schilder.","robots":{"index":"index","follow":"follow","max-snippet":"max-snippet:-1","max-image-preview":"max-image-preview:large","max-video-preview":"max-video-preview:-1"},"canonical":"https:\/\/www.fortuna-gravuren.ch\/fr\/protection-des-donnees\/","og_locale":"fr_FR","og_type":"article","og_title":"S&E Fortuna Gravuren AG - Fortuna Gravuren","og_description":"Kaufen Sie Personalisierte Geschenke bei FORTUNA Gravuren. Wir gravieren Pokale, Medaillen, Flachm\u00e4nner oder auch Schilder.","og_url":"https:\/\/www.fortuna-gravuren.ch\/fr\/protection-des-donnees\/","og_site_name":"Fortuna Gravuren","twitter_card":"summary_large_image","twitter_misc":{"Dur\u00e9e de lecture estim\u00e9e":"9 minute"},"schema":{"@context":"https:\/\/schema.org","@graph":[{"@type":"WebPage","@id":"https:\/\/www.fortuna-gravuren.ch\/fr\/protection-des-donnees\/","url":"https:\/\/www.fortuna-gravuren.ch\/fr\/protection-des-donnees\/","name":"S&E Fortuna Gravuren AG - Fortuna Gravuren","isPartOf":{"@id":"https:\/\/www.fortuna-gravuren.ch\/fr\/#website"},"datePublished":"2019-03-01T07:36:08+00:00","description":"Kaufen Sie Personalisierte Geschenke bei FORTUNA Gravuren. Wir gravieren Pokale, Medaillen, Flachm\u00e4nner oder auch Schilder.","breadcrumb":{"@id":"https:\/\/www.fortuna-gravuren.ch\/fr\/protection-des-donnees\/#breadcrumb"},"inLanguage":"fr-FR","potentialAction":[{"@type":"ReadAction","target":["https:\/\/www.fortuna-gravuren.ch\/fr\/protection-des-donnees\/"]}]},{"@type":"BreadcrumbList","@id":"https:\/\/www.fortuna-gravuren.ch\/fr\/protection-des-donnees\/#breadcrumb","itemListElement":[{"@type":"ListItem","position":1,"name":"Accueil","item":"https:\/\/www.fortuna-gravuren.ch\/fr\/"},{"@type":"ListItem","position":2,"name":"Protection des donn\u00e9es"}]},{"@type":"WebSite","@id":"https:\/\/www.fortuna-gravuren.ch\/fr\/#website","url":"https:\/\/www.fortuna-gravuren.ch\/fr\/","name":"Fortuna Gravuren","description":"","publisher":{"@id":"https:\/\/www.fortuna-gravuren.ch\/fr\/#organization"},"potentialAction":[{"@type":"SearchAction","target":{"@type":"EntryPoint","urlTemplate":"https:\/\/www.fortuna-gravuren.ch\/fr\/?s={search_term_string}"},"query-input":{"@type":"PropertyValueSpecification","valueRequired":true,"valueName":"search_term_string"}}],"inLanguage":"fr-FR"},{"@type":"Organization","@id":"https:\/\/www.fortuna-gravuren.ch\/fr\/#organization","name":"Fortuna Gravuren","url":"https:\/\/www.fortuna-gravuren.ch\/fr\/","logo":{"@type":"ImageObject","inLanguage":"fr-FR","@id":"https:\/\/www.fortuna-gravuren.ch\/fr\/#\/schema\/logo\/image\/","url":"https:\/\/www.fortuna-gravuren.ch\/wp-content\/uploads\/2026\/02\/cropped-320_131_Fortuna.png","contentUrl":"https:\/\/www.fortuna-gravuren.ch\/wp-content\/uploads\/2026\/02\/cropped-320_131_Fortuna.png","width":320,"height":132,"caption":"Fortuna Gravuren"},"image":{"@id":"https:\/\/www.fortuna-gravuren.ch\/fr\/#\/schema\/logo\/image\/"}}]}},"_links":{"self":[{"href":"https:\/\/www.fortuna-gravuren.ch\/fr\/wp-json\/wp\/v2\/pages\/14109","targetHints":{"allow":["GET"]}}],"collection":[{"href":"https:\/\/www.fortuna-gravuren.ch\/fr\/wp-json\/wp\/v2\/pages"}],"about":[{"href":"https:\/\/www.fortuna-gravuren.ch\/fr\/wp-json\/wp\/v2\/types\/page"}],"author":[{"embeddable":true,"href":"https:\/\/www.fortuna-gravuren.ch\/fr\/wp-json\/wp\/v2\/users\/3"}],"replies":[{"embeddable":true,"href":"https:\/\/www.fortuna-gravuren.ch\/fr\/wp-json\/wp\/v2\/comments?post=14109"}],"version-history":[{"count":0,"href":"https:\/\/www.fortuna-gravuren.ch\/fr\/wp-json\/wp\/v2\/pages\/14109\/revisions"}],"wp:attachment":[{"href":"https:\/\/www.fortuna-gravuren.ch\/fr\/wp-json\/wp\/v2\/media?parent=14109"}],"curies":[{"name":"wp","href":"https:\/\/api.w.org\/{rel}","templated":true}]}}